{"id":1189,"date":"2019-12-02T14:25:19","date_gmt":"2019-12-02T14:25:19","guid":{"rendered":"https:\/\/abn1.ch\/?page_id=1189"},"modified":"2020-06-09T13:33:24","modified_gmt":"2020-06-09T13:33:24","slug":"linus-koch","status":"publish","type":"page","link":"https:\/\/abn1.ch\/index.php\/linus-koch\/","title":{"rendered":"Linus Koch"},"content":{"rendered":"<section class=\"l-section wpb_row us_custom_d2199d32 height_auto\"><div class=\"l-section-h i-cf\"><div class=\"g-cols vc_row via_flex valign_top type_default stacking_default\"><div class=\"vc_col-sm-12 wpb_column vc_column_container\"><div class=\"vc_column-inner\"><div class=\"wpb_wrapper\"><div class=\"w-image align_none\"><div class=\"w-image-h\"><img decoding=\"async\" width=\"199\" height=\"250\" src=\"https:\/\/abn1.ch\/wp-content\/uploads\/2015\/08\/portrait_linus-koch.jpg\" class=\"attachment-large size-large\" alt=\"\" loading=\"lazy\" \/><\/div><\/div>[vc_custom_heading text=&#8220;Linus Koch&#8220; use_theme_fonts=&#8220;yes&#8220;]<\/div><\/div><\/div><\/div><\/div><\/section><section class=\"l-section wpb_row height_small with_shape\"><div class=\"l-section-shape type_wave pos_bottom\" style=\"height:10vh;color:#82b4d7\"><svg xmlns=\"http:\/\/www.w3.org\/2000\/svg\" viewBox=\"0 4 64 4\" preserveAspectRatio=\"none\" width=\"100%\" height=\"100%\">\r\n\t<path fill=\"currentColor\" d=\"M64 6 C32 0 32 12 0 6 L0 8 L64 8 Z\"\/>\r\n<\/svg><\/div><div class=\"l-section-h i-cf\"><div class=\"g-cols vc_row via_flex valign_top type_default stacking_default\"><div class=\"vc_col-sm-12 wpb_column vc_column_container\"><div class=\"vc_column-inner\"><div class=\"wpb_wrapper\"><div class=\"w-image align_none\"><a title=\"www.linus-koch.ch\" target=\" _blank\" rel=\"nofollow\" href=\"http:\/\/www.linus-koch.ch\/\" aria-label=\"Logo_linus_koch\" class=\"w-image-h\"><img decoding=\"async\" width=\"160\" height=\"90\" src=\"https:\/\/abn1.ch\/wp-content\/uploads\/2015\/08\/Logo_linus_koch.jpg\" class=\"attachment-full size-full\" alt=\"\" loading=\"lazy\" \/><\/a><\/div><\/div><\/div><\/div><\/div><\/div><\/section><section class=\"l-section wpb_row height_small\"><div class=\"l-section-h i-cf\"><div class=\"g-cols vc_row via_flex valign_top type_default stacking_default\"><div class=\"vc_col-sm-3 wpb_column vc_column_container\"><div class=\"vc_column-inner\"><div class=\"wpb_wrapper\">[vc_custom_heading text=&#8220;Adresse&#8220; use_theme_fonts=&#8220;yes&#8220;]<\/div><\/div><\/div><div class=\"vc_col-sm-9 wpb_column vc_column_container\"><div class=\"vc_column-inner\"><div class=\"wpb_wrapper\"><div class=\"wpb_text_column\"><div class=\"wpb_wrapper\"><p>Linus Koch<br \/>\nalte Poststrasse 16<br \/>\n5612 Villmergen<\/p>\n<\/div><\/div><\/div><\/div><\/div><\/div><\/div><\/section><section class=\"l-section wpb_row height_small\"><div class=\"l-section-h i-cf\"><div class=\"g-cols vc_row via_flex valign_top type_default stacking_default\"><div class=\"vc_col-sm-3 wpb_column vc_column_container\"><div class=\"vc_column-inner\"><div class=\"wpb_wrapper\">[vc_custom_heading text=&#8220;Kontaktdaten&#8220; use_theme_fonts=&#8220;yes&#8220;]<\/div><\/div><\/div><div class=\"vc_col-sm-9 wpb_column vc_column_container\"><div class=\"vc_column-inner\"><div class=\"wpb_wrapper\"><div class=\"wpb_text_column\"><div class=\"wpb_wrapper\"><p>+41 56 622 15 36<br \/>\n+54 56 621 94 64 (Fax)<\/p>\n<p><a href=\"mailto:indeko@linus-koch.ch\" target=\"_blank\" rel=\"noopener noreferrer\">indeko@linus-koch.ch<\/a><br \/>\n<a href=\"http:\/\/www.linus-koch.ch\/\" target=\"_blank\" rel=\"noopener noreferrer\">www.linus-koch.ch<\/a><\/p>\n<\/div><\/div><\/div><\/div><\/div><\/div><\/div><\/section><section class=\"l-section wpb_row height_small\"><div class=\"l-section-h i-cf\"><div class=\"g-cols vc_row via_flex valign_top type_default stacking_default\"><div class=\"vc_col-sm-3 wpb_column vc_column_container\"><div class=\"vc_column-inner\"><div class=\"wpb_wrapper\">[vc_custom_heading text=&#8220;Dienstleistungen&#8220; use_theme_fonts=&#8220;yes&#8220;]<\/div><\/div><\/div><div class=\"vc_col-sm-9 wpb_column vc_column_container\"><div class=\"vc_column-inner\"><div class=\"wpb_wrapper\"><div class=\"wpb_text_column\"><div class=\"wpb_wrapper\"><p>Teppiche, Parkett, Hartbel\u00e4ge, Vorh\u00e4nge, Betten und Polsterm\u00f6bel, N\u00e4h- und Polsteratelier<\/p>\n<\/div><\/div><\/div><\/div><\/div><\/div><\/div><\/section>\n","protected":false},"excerpt":{"rendered":"[vc_custom_heading text=\"Linus Koch\" use_theme_fonts=\"yes\"] [vc_custom_heading text=\"Adresse\" use_theme_fonts=\"yes\"]Linus Koch alte Poststrasse 16 5612 Villmergen [vc_custom_heading text=\"Kontaktdaten\" use_theme_fonts=\"yes\"]+41 56 622 15 36 +54 56 621 94 64 (Fax) indeko@linus-koch.ch www.linus-koch.ch [vc_custom_heading text=\"Dienstleistungen\" use_theme_fonts=\"yes\"]Teppiche, Parkett, Hartbel\u00e4ge, Vorh\u00e4nge, Betten und Polsterm\u00f6bel, N\u00e4h- und Polsteratelier","protected":false},"author":2,"featured_media":744,"parent":0,"menu_order":0,"comment_status":"closed","ping_status":"closed","template":"","meta":{"footnotes":""},"class_list":["post-1189","page","type-page","status-publish","has-post-thumbnail","hentry"],"_links":{"self":[{"href":"https:\/\/abn1.ch\/index.php\/wp-json\/wp\/v2\/pages\/1189","targetHints":{"allow":["GET"]}}],"collection":[{"href":"https:\/\/abn1.ch\/index.php\/wp-json\/wp\/v2\/pages"}],"about":[{"href":"https:\/\/abn1.ch\/index.php\/wp-json\/wp\/v2\/types\/page"}],"author":[{"embeddable":true,"href":"https:\/\/abn1.ch\/index.php\/wp-json\/wp\/v2\/users\/2"}],"replies":[{"embeddable":true,"href":"https:\/\/abn1.ch\/index.php\/wp-json\/wp\/v2\/comments?post=1189"}],"version-history":[{"count":2,"href":"https:\/\/abn1.ch\/index.php\/wp-json\/wp\/v2\/pages\/1189\/revisions"}],"predecessor-version":[{"id":1419,"href":"https:\/\/abn1.ch\/index.php\/wp-json\/wp\/v2\/pages\/1189\/revisions\/1419"}],"wp:featuredmedia":[{"embeddable":true,"href":"https:\/\/abn1.ch\/index.php\/wp-json\/wp\/v2\/media\/744"}],"wp:attachment":[{"href":"https:\/\/abn1.ch\/index.php\/wp-json\/wp\/v2\/media?parent=1189"}],"curies":[{"name":"wp","href":"https:\/\/api.w.org\/{rel}","templated":true}]}}