{"id":1194,"date":"2019-12-02T14:44:33","date_gmt":"2019-12-02T14:44:33","guid":{"rendered":"https:\/\/abn1.ch\/?page_id=1194"},"modified":"2020-06-09T13:33:24","modified_gmt":"2020-06-09T13:33:24","slug":"urs-mueller","status":"publish","type":"page","link":"https:\/\/abn1.ch\/index.php\/urs-mueller\/","title":{"rendered":"Urs M\u00fcller"},"content":{"rendered":"<section class=\"l-section wpb_row us_custom_d2199d32 height_auto\"><div class=\"l-section-h i-cf\"><div class=\"g-cols vc_row via_flex valign_top type_default stacking_default\"><div class=\"vc_col-sm-12 wpb_column vc_column_container\"><div class=\"vc_column-inner\"><div class=\"wpb_wrapper\"><div class=\"w-image align_none\"><div class=\"w-image-h\"><img decoding=\"async\" width=\"200\" height=\"250\" src=\"https:\/\/abn1.ch\/wp-content\/uploads\/2015\/08\/portrait_urs_mueller.jpg\" class=\"attachment-large size-large\" alt=\"\" loading=\"lazy\" \/><\/div><\/div>[vc_custom_heading text=&#8220;Urs M\u00fcller&#8220; use_theme_fonts=&#8220;yes&#8220;]<\/div><\/div><\/div><\/div><\/div><\/section><section class=\"l-section wpb_row height_small with_shape\"><div class=\"l-section-shape type_wave pos_bottom\" style=\"height:10vh;color:#82b4d7\"><svg xmlns=\"http:\/\/www.w3.org\/2000\/svg\" viewBox=\"0 4 64 4\" preserveAspectRatio=\"none\" width=\"100%\" height=\"100%\">\r\n\t<path fill=\"currentColor\" d=\"M64 6 C32 0 32 12 0 6 L0 8 L64 8 Z\"\/>\r\n<\/svg><\/div><div class=\"l-section-h i-cf\"><div class=\"g-cols vc_row via_flex valign_top type_default stacking_default\"><div class=\"vc_col-sm-12 wpb_column vc_column_container\"><div class=\"vc_column-inner\"><div class=\"wpb_wrapper\"><div class=\"w-image align_none\"><a title=\"www.umarchitekten.ch\" target=\" _blank\" rel=\"nofollow\" href=\"http:\/\/www.umarchitekten.ch\/\" aria-label=\"Logo_urs_muller\" class=\"w-image-h\"><img decoding=\"async\" width=\"160\" height=\"90\" src=\"https:\/\/abn1.ch\/wp-content\/uploads\/2015\/08\/Logo_urs_muller.jpg\" class=\"attachment-full size-full\" alt=\"\" loading=\"lazy\" \/><\/a><\/div><\/div><\/div><\/div><\/div><\/div><\/section><section class=\"l-section wpb_row height_small\"><div class=\"l-section-h i-cf\"><div class=\"g-cols vc_row via_flex valign_top type_default stacking_default\"><div class=\"vc_col-sm-3 wpb_column vc_column_container\"><div class=\"vc_column-inner\"><div class=\"wpb_wrapper\">[vc_custom_heading text=&#8220;Adresse&#8220; use_theme_fonts=&#8220;yes&#8220;]<\/div><\/div><\/div><div class=\"vc_col-sm-9 wpb_column vc_column_container\"><div class=\"vc_column-inner\"><div class=\"wpb_wrapper\"><div class=\"wpb_text_column\"><div class=\"wpb_wrapper\"><p>M\u00fcller Urs<br \/>\nB\u00e4reng\u00e4ssli 9<br \/>\n5610 Wohlen<\/p>\n<\/div><\/div><\/div><\/div><\/div><\/div><\/div><\/section><section class=\"l-section wpb_row height_small\"><div class=\"l-section-h i-cf\"><div class=\"g-cols vc_row via_flex valign_top type_default stacking_default\"><div class=\"vc_col-sm-3 wpb_column vc_column_container\"><div class=\"vc_column-inner\"><div class=\"wpb_wrapper\">[vc_custom_heading text=&#8220;Kontaktdaten&#8220; use_theme_fonts=&#8220;yes&#8220;]<\/div><\/div><\/div><div class=\"vc_col-sm-9 wpb_column vc_column_container\"><div class=\"vc_column-inner\"><div class=\"wpb_wrapper\"><div class=\"wpb_text_column\"><div class=\"wpb_wrapper\"><p>+41 56 618 33 00<br \/>\n+41 56 618 33 01 (Fax)<\/p>\n<p><a href=\"mailto:info@umarchitekten.ch\" target=\"_blank\" rel=\"noopener noreferrer\">info@umarchitekten.ch<\/a><br \/>\n<a href=\"http:\/\/www.umarchitekten.ch\/\" target=\"_blank\" rel=\"noopener noreferrer\">www.umarchitekten.ch<\/a><\/p>\n<\/div><\/div><\/div><\/div><\/div><\/div><\/div><\/section><section class=\"l-section wpb_row height_small\"><div class=\"l-section-h i-cf\"><div class=\"g-cols vc_row via_flex valign_top type_default stacking_default\"><div class=\"vc_col-sm-3 wpb_column vc_column_container\"><div class=\"vc_column-inner\"><div class=\"wpb_wrapper\">[vc_custom_heading text=&#8220;Kompetenzen&#8220; use_theme_fonts=&#8220;yes&#8220;]<\/div><\/div><\/div><div class=\"vc_col-sm-9 wpb_column vc_column_container\"><div class=\"vc_column-inner\"><div class=\"wpb_wrapper\"><div class=\"wpb_text_column us_custom_8cb262c2\"><div class=\"wpb_wrapper\"><ul>\n<li><span lang=\"DE\">Neubauten<\/span><\/li>\n<li><span lang=\"DE\">Sanierungen<\/span><\/li>\n<li><span lang=\"DE\">Problemanalysen<\/span><\/li>\n<li><span lang=\"DE\">Nutzungsstudien<\/span><\/li>\n<li><span lang=\"DE\">Planungen<\/span><\/li>\n<li><span lang=\"DE\">Umbauten<\/span><\/li>\n<li><span lang=\"DE\">Expertisen<\/span><\/li>\n<li><span lang=\"DE\">Farbberatungen<\/span><\/li>\n<li><span lang=\"DE\">Bauleitungen<\/span><\/li>\n<li><span lang=\"DE\">Wettbewerbe<\/span><\/li>\n<\/ul>\n<\/div><\/div><\/div><\/div><\/div><\/div><\/div><\/section>\n","protected":false},"excerpt":{"rendered":"[vc_custom_heading text=\"Urs M\u00fcller\" use_theme_fonts=\"yes\"] [vc_custom_heading text=\"Adresse\" use_theme_fonts=\"yes\"]M\u00fcller Urs B\u00e4reng\u00e4ssli 9 5610 Wohlen [vc_custom_heading text=\"Kontaktdaten\" use_theme_fonts=\"yes\"]+41 56 618 33 00 +41 56 618 33 01 (Fax) info@umarchitekten.ch www.umarchitekten.ch [vc_custom_heading text=\"Kompetenzen\" use_theme_fonts=\"yes\"] Neubauten Sanierungen Problemanalysen Nutzungsstudien Planungen Umbauten Expertisen Farbberatungen Bauleitungen Wettbewerbe","protected":false},"author":2,"featured_media":670,"parent":0,"menu_order":0,"comment_status":"closed","ping_status":"closed","template":"","meta":{"footnotes":""},"class_list":["post-1194","page","type-page","status-publish","has-post-thumbnail","hentry"],"_links":{"self":[{"href":"https:\/\/abn1.ch\/index.php\/wp-json\/wp\/v2\/pages\/1194","targetHints":{"allow":["GET"]}}],"collection":[{"href":"https:\/\/abn1.ch\/index.php\/wp-json\/wp\/v2\/pages"}],"about":[{"href":"https:\/\/abn1.ch\/index.php\/wp-json\/wp\/v2\/types\/page"}],"author":[{"embeddable":true,"href":"https:\/\/abn1.ch\/index.php\/wp-json\/wp\/v2\/users\/2"}],"replies":[{"embeddable":true,"href":"https:\/\/abn1.ch\/index.php\/wp-json\/wp\/v2\/comments?post=1194"}],"version-history":[{"count":2,"href":"https:\/\/abn1.ch\/index.php\/wp-json\/wp\/v2\/pages\/1194\/revisions"}],"predecessor-version":[{"id":1421,"href":"https:\/\/abn1.ch\/index.php\/wp-json\/wp\/v2\/pages\/1194\/revisions\/1421"}],"wp:featuredmedia":[{"embeddable":true,"href":"https:\/\/abn1.ch\/index.php\/wp-json\/wp\/v2\/media\/670"}],"wp:attachment":[{"href":"https:\/\/abn1.ch\/index.php\/wp-json\/wp\/v2\/media?parent=1194"}],"curies":[{"name":"wp","href":"https:\/\/api.w.org\/{rel}","templated":true}]}}