{"id":1198,"date":"2019-12-02T14:58:01","date_gmt":"2019-12-02T14:58:01","guid":{"rendered":"https:\/\/abn1.ch\/?page_id=1198"},"modified":"2020-06-09T13:33:24","modified_gmt":"2020-06-09T13:33:24","slug":"daniel-sandmeier","status":"publish","type":"page","link":"https:\/\/abn1.ch\/index.php\/daniel-sandmeier\/","title":{"rendered":"Daniel Sandmeier"},"content":{"rendered":"<section class=\"l-section wpb_row us_custom_d2199d32 height_auto\"><div class=\"l-section-h i-cf\"><div class=\"g-cols vc_row via_flex valign_top type_default stacking_default\"><div class=\"vc_col-sm-12 wpb_column vc_column_container\"><div class=\"vc_column-inner\"><div class=\"wpb_wrapper\"><div class=\"w-image align_none\"><div class=\"w-image-h\"><img decoding=\"async\" width=\"200\" height=\"250\" src=\"https:\/\/abn1.ch\/wp-content\/uploads\/2019\/01\/Sandmeier_Daniel.jpg\" class=\"attachment-large size-large\" alt=\"\" loading=\"lazy\" \/><\/div><\/div>[vc_custom_heading text=&#8220;Daniel Sandmeier&#8220; use_theme_fonts=&#8220;yes&#8220;]<\/div><\/div><\/div><\/div><\/div><\/section><section class=\"l-section wpb_row height_small with_shape\"><div class=\"l-section-shape type_wave pos_bottom\" style=\"height:10vh;color:#82b4d7\"><svg xmlns=\"http:\/\/www.w3.org\/2000\/svg\" viewBox=\"0 4 64 4\" preserveAspectRatio=\"none\" width=\"100%\" height=\"100%\">\r\n\t<path fill=\"currentColor\" d=\"M64 6 C32 0 32 12 0 6 L0 8 L64 8 Z\"\/>\r\n<\/svg><\/div><div class=\"l-section-h i-cf\"><div class=\"g-cols vc_row via_flex valign_top type_default stacking_default\"><div class=\"vc_col-sm-12 wpb_column vc_column_container\"><div class=\"vc_column-inner\"><div class=\"wpb_wrapper\"><div class=\"w-image align_none\"><a title=\"www.hbl.ch\" target=\" _blank\" rel=\"nofollow\" href=\"https:\/\/www.hbl.ch\/\" aria-label=\"Logo-Hypothekarbank-Lenzburg\" class=\"w-image-h\"><img decoding=\"async\" width=\"160\" height=\"90\" src=\"https:\/\/abn1.ch\/wp-content\/uploads\/2019\/01\/Logo-Hypothekarbank-Lenzburg.jpg\" class=\"attachment-full size-full\" alt=\"\" loading=\"lazy\" \/><\/a><\/div><\/div><\/div><\/div><\/div><\/div><\/section><section class=\"l-section wpb_row height_small\"><div class=\"l-section-h i-cf\"><div class=\"g-cols vc_row via_flex valign_top type_default stacking_default\"><div class=\"vc_col-sm-3 wpb_column vc_column_container\"><div class=\"vc_column-inner\"><div class=\"wpb_wrapper\">[vc_custom_heading text=&#8220;Adresse&#8220; use_theme_fonts=&#8220;yes&#8220;]<\/div><\/div><\/div><div class=\"vc_col-sm-9 wpb_column vc_column_container\"><div class=\"vc_column-inner\"><div class=\"wpb_wrapper\"><div class=\"wpb_text_column\"><div class=\"wpb_wrapper\"><div>Bahnhofstrasse 13<\/div>\n<div>5610 Wohlen<\/div>\n<\/div><\/div><\/div><\/div><\/div><\/div><\/div><\/section><section class=\"l-section wpb_row height_small\"><div class=\"l-section-h i-cf\"><div class=\"g-cols vc_row via_flex valign_top type_default stacking_default\"><div class=\"vc_col-sm-3 wpb_column vc_column_container\"><div class=\"vc_column-inner\"><div class=\"wpb_wrapper\">[vc_custom_heading text=&#8220;Kontaktdaten&#8220; use_theme_fonts=&#8220;yes&#8220;]<\/div><\/div><\/div><div class=\"vc_col-sm-9 wpb_column vc_column_container\"><div class=\"vc_column-inner\"><div class=\"wpb_wrapper\"><div class=\"wpb_text_column\"><div class=\"wpb_wrapper\"><p>+41 56 616 79 53<\/p>\n<p><a href=\"mailto:daniel.sandmeier@hbl.ch\">daniel.sandmeier@hbl.ch<\/a><br \/>\n<a href=\"http:\/\/www.hbl.ch\/\" target=\"_blank\" rel=\"noopener noreferrer\">www.hbl.ch<\/a><\/p>\n<\/div><\/div><\/div><\/div><\/div><\/div><\/div><\/section><section class=\"l-section wpb_row height_small\"><div class=\"l-section-h i-cf\"><div class=\"g-cols vc_row via_flex valign_top type_default stacking_default\"><div class=\"vc_col-sm-3 wpb_column vc_column_container\"><div class=\"vc_column-inner\"><div class=\"wpb_wrapper\">[vc_custom_heading text=&#8220;Dienstleistungen&#8220; use_theme_fonts=&#8220;yes&#8220;]<\/div><\/div><\/div><div class=\"vc_col-sm-9 wpb_column vc_column_container\"><div class=\"vc_column-inner\"><div class=\"wpb_wrapper\"><div class=\"wpb_text_column\"><div class=\"wpb_wrapper\"><p>Als unabh\u00e4ngiges Finanzinstitut bietet die Hypothekarbank Lenzburg AG Bankleistungen f\u00fcr Private, Unternehmungen und Gemeinden an. Nebst den \u00fcblichen Bankdienstleistungen erledigt die Hypi f\u00fcr Sie auch Nachlass-, Testaments- und Erbangelegenheiten sowie den Verkauf der Liegenschaft. Die Kunden geniessen einen individuellen Service, der sich nicht nach dem Verm\u00f6genssaldo ausrichtet.<\/p>\n<\/div><\/div><\/div><\/div><\/div><\/div><\/div><\/section>\n","protected":false},"excerpt":{"rendered":"[vc_custom_heading text=\"Daniel Sandmeier\" use_theme_fonts=\"yes\"] [vc_custom_heading text=\"Adresse\" use_theme_fonts=\"yes\"]Bahnhofstrasse 13 5610 Wohlen [vc_custom_heading text=\"Kontaktdaten\" use_theme_fonts=\"yes\"]+41 56 616 79 53 daniel.sandmeier@hbl.ch www.hbl.ch [vc_custom_heading text=\"Dienstleistungen\" use_theme_fonts=\"yes\"]Als unabh\u00e4ngiges Finanzinstitut bietet die Hypothekarbank Lenzburg AG Bankleistungen f\u00fcr Private, Unternehmungen und Gemeinden an. Nebst den \u00fcblichen Bankdienstleistungen erledigt die Hypi f\u00fcr Sie auch Nachlass-, Testaments- und Erbangelegenheiten sowie den Verkauf der Liegenschaft....","protected":false},"author":2,"featured_media":1068,"parent":0,"menu_order":0,"comment_status":"closed","ping_status":"closed","template":"","meta":{"footnotes":""},"class_list":["post-1198","page","type-page","status-publish","has-post-thumbnail","hentry"],"_links":{"self":[{"href":"https:\/\/abn1.ch\/index.php\/wp-json\/wp\/v2\/pages\/1198","targetHints":{"allow":["GET"]}}],"collection":[{"href":"https:\/\/abn1.ch\/index.php\/wp-json\/wp\/v2\/pages"}],"about":[{"href":"https:\/\/abn1.ch\/index.php\/wp-json\/wp\/v2\/types\/page"}],"author":[{"embeddable":true,"href":"https:\/\/abn1.ch\/index.php\/wp-json\/wp\/v2\/users\/2"}],"replies":[{"embeddable":true,"href":"https:\/\/abn1.ch\/index.php\/wp-json\/wp\/v2\/comments?post=1198"}],"version-history":[{"count":3,"href":"https:\/\/abn1.ch\/index.php\/wp-json\/wp\/v2\/pages\/1198\/revisions"}],"predecessor-version":[{"id":1422,"href":"https:\/\/abn1.ch\/index.php\/wp-json\/wp\/v2\/pages\/1198\/revisions\/1422"}],"wp:featuredmedia":[{"embeddable":true,"href":"https:\/\/abn1.ch\/index.php\/wp-json\/wp\/v2\/media\/1068"}],"wp:attachment":[{"href":"https:\/\/abn1.ch\/index.php\/wp-json\/wp\/v2\/media?parent=1198"}],"curies":[{"name":"wp","href":"https:\/\/api.w.org\/{rel}","templated":true}]}}