{"id":1215,"date":"2019-12-05T14:34:05","date_gmt":"2019-12-05T14:34:05","guid":{"rendered":"https:\/\/abn1.ch\/?page_id=1215"},"modified":"2020-06-09T13:33:24","modified_gmt":"2020-06-09T13:33:24","slug":"erich-steiner","status":"publish","type":"page","link":"https:\/\/abn1.ch\/index.php\/erich-steiner\/","title":{"rendered":"Erich Steiner"},"content":{"rendered":"<section class=\"l-section wpb_row us_custom_d2199d32 height_auto\"><div class=\"l-section-h i-cf\"><div class=\"g-cols vc_row via_flex valign_top type_default stacking_default\"><div class=\"vc_col-sm-12 wpb_column vc_column_container\"><div class=\"vc_column-inner\"><div class=\"wpb_wrapper\"><div class=\"w-image align_none\"><div class=\"w-image-h\"><img decoding=\"async\" width=\"200\" height=\"250\" src=\"https:\/\/abn1.ch\/wp-content\/uploads\/2015\/08\/portrait_erich_steiner.jpg\" class=\"attachment-large size-large\" alt=\"Portrait Erich Steienr\" loading=\"lazy\" \/><\/div><\/div>[vc_custom_heading text=&#8220;Erich Steiner&#8220; use_theme_fonts=&#8220;yes&#8220;]<\/div><\/div><\/div><\/div><\/div><\/section><section class=\"l-section wpb_row height_small with_shape\"><div class=\"l-section-shape type_wave pos_bottom\" style=\"height:10vh;color:#82b4d7\"><svg xmlns=\"http:\/\/www.w3.org\/2000\/svg\" viewBox=\"0 4 64 4\" preserveAspectRatio=\"none\" width=\"100%\" height=\"100%\">\r\n\t<path fill=\"currentColor\" d=\"M64 6 C32 0 32 12 0 6 L0 8 L64 8 Z\"\/>\r\n<\/svg><\/div><div class=\"l-section-h i-cf\"><div class=\"g-cols vc_row via_flex valign_top type_default stacking_default\"><div class=\"vc_col-sm-12 wpb_column vc_column_container\"><div class=\"vc_column-inner\"><div class=\"wpb_wrapper\"><div class=\"w-image align_none\"><a title=\"www.grandervertrieb.ch\" target=\" _blank\" rel=\"nofollow\" href=\"http:\/\/www.grandervertrieb.ch\/\" aria-label=\"logo_est\" class=\"w-image-h\"><img decoding=\"async\" width=\"160\" height=\"90\" src=\"https:\/\/abn1.ch\/wp-content\/uploads\/2015\/08\/logo_est.jpg\" class=\"attachment-full size-full\" alt=\"\" loading=\"lazy\" \/><\/a><\/div><\/div><\/div><\/div><\/div><\/div><\/section><section class=\"l-section wpb_row height_small\"><div class=\"l-section-h i-cf\"><div class=\"g-cols vc_row via_flex valign_top type_default stacking_default\"><div class=\"vc_col-sm-3 wpb_column vc_column_container\"><div class=\"vc_column-inner\"><div class=\"wpb_wrapper\">[vc_custom_heading text=&#8220;Adresse&#8220; use_theme_fonts=&#8220;yes&#8220;]<\/div><\/div><\/div><div class=\"vc_col-sm-9 wpb_column vc_column_container\"><div class=\"vc_column-inner\"><div class=\"wpb_wrapper\"><div class=\"wpb_text_column\"><div class=\"wpb_wrapper\"><p>Erich Steiner<br \/>\nLindenbergstrasse 4<br \/>\n5618 Bettwil<\/p>\n<\/div><\/div><\/div><\/div><\/div><\/div><\/div><\/section><section class=\"l-section wpb_row height_small\"><div class=\"l-section-h i-cf\"><div class=\"g-cols vc_row via_flex valign_top type_default stacking_default\"><div class=\"vc_col-sm-3 wpb_column vc_column_container\"><div class=\"vc_column-inner\"><div class=\"wpb_wrapper\">[vc_custom_heading text=&#8220;Kontaktdaten&#8220; use_theme_fonts=&#8220;yes&#8220;]<\/div><\/div><\/div><div class=\"vc_col-sm-9 wpb_column vc_column_container\"><div class=\"vc_column-inner\"><div class=\"wpb_wrapper\"><div class=\"wpb_text_column\"><div class=\"wpb_wrapper\"><p>+41 56 667 30 04<br \/>\n+41 79 418 25 33<br \/>\n+41 56 667 30 08 (Fax)<\/p>\n<p><a href=\"mailto:e.steiner@grandervertrieb.ch\" target=\"_blank\" rel=\"noopener noreferrer\">e.steiner@grandervertrieb.ch<br \/>\n<\/a><a href=\"http:\/\/www.grandervertrieb.ch\/\" target=\"_blank\" rel=\"noopener noreferrer\">www.grandervertrieb.ch<\/a><\/p>\n<\/div><\/div><\/div><\/div><\/div><\/div><\/div><\/section><section class=\"l-section wpb_row height_small\"><div class=\"l-section-h i-cf\"><div class=\"g-cols vc_row via_flex valign_top type_default stacking_default\"><div class=\"vc_col-sm-3 wpb_column vc_column_container\"><div class=\"vc_column-inner\"><div class=\"wpb_wrapper\">[vc_custom_heading text=&#8220;Dienstleistungen&#8220; use_theme_fonts=&#8220;yes&#8220;]<\/div><\/div><\/div><div class=\"vc_col-sm-9 wpb_column vc_column_container\"><div class=\"vc_column-inner\"><div class=\"wpb_wrapper\"><div class=\"wpb_text_column\"><div class=\"wpb_wrapper\"><p>Beratung und Verkauf f\u00fcr Wasseraufbereitungsanlagen und Wassernachbehandlung von Trink- und Brauchwasser zur Qualit\u00e4tsoptimierung, sowie auch bei Verkeimungsproblemen\/Standzeiten von Prozesswasser und K\u00fchlwassersystemen.<\/p>\n<p>Erfolgreicher Einsatz in folgenden Anwendungsbereichen f\u00fcr hochwertigstes Trinkwasser, Kalk- u. Korrosionsschutz und nachhaltigen Schutz von Heizungskreislaufwasser:<\/p>\n<ul>\n<li>Privat<\/li>\n<li>Gewerbe<\/li>\n<li>Hotel\/Gastronomie<\/li>\n<li>Heime und Spit\u00e4le<\/li>\n<\/ul>\n<p><strong>\u00a0<\/strong>In der Landwirtschaft f\u00fcr verst\u00e4rkt Wasseraufnahme und dadurch optimierte Futterverwertung bei den Tieren.<br \/>\nHohe Bioverf\u00fcgbarkeit der G\u00fclle\/Jauche auf die Pflanzen.<\/p>\n<p>In der Industrie f\u00fcr Optimierung von Prozess- und K\u00fchlwasser f\u00fcr chemiereduzierten Betrieb und dadurch verbesserte Wirtschaftlichkeit.<\/p>\n<p>Bei Schwimmb\u00e4der und Wellnesseinrichtungen f\u00fcr Nachbehandlungen und damit umsetzung eines chemiereduzierten Betriebs und zur Erreichung von hautfreundlichem Badewasser. Geringerer Chemieeinsatz optimiert auch die Wirtschaftlichkeit des Betriebs solcher Einrichtungen.<\/p>\n<\/div><\/div><\/div><\/div><\/div><\/div><\/div><\/section>\n","protected":false},"excerpt":{"rendered":"[vc_custom_heading text=\"Erich Steiner\" use_theme_fonts=\"yes\"] [vc_custom_heading text=\"Adresse\" use_theme_fonts=\"yes\"]Erich Steiner Lindenbergstrasse 4 5618 Bettwil [vc_custom_heading text=\"Kontaktdaten\" use_theme_fonts=\"yes\"]+41 56 667 30 04 +41 79 418 25 33 +41 56 667 30 08 (Fax) e.steiner@grandervertrieb.ch www.grandervertrieb.ch [vc_custom_heading text=\"Dienstleistungen\" use_theme_fonts=\"yes\"]Beratung und Verkauf f\u00fcr Wasseraufbereitungsanlagen und Wassernachbehandlung von Trink- und Brauchwasser zur Qualit\u00e4tsoptimierung, sowie auch bei Verkeimungsproblemen\/Standzeiten von Prozesswasser und K\u00fchlwassersystemen....","protected":false},"author":2,"featured_media":653,"parent":0,"menu_order":0,"comment_status":"closed","ping_status":"closed","template":"","meta":{"footnotes":""},"class_list":["post-1215","page","type-page","status-publish","has-post-thumbnail","hentry"],"_links":{"self":[{"href":"https:\/\/abn1.ch\/index.php\/wp-json\/wp\/v2\/pages\/1215","targetHints":{"allow":["GET"]}}],"collection":[{"href":"https:\/\/abn1.ch\/index.php\/wp-json\/wp\/v2\/pages"}],"about":[{"href":"https:\/\/abn1.ch\/index.php\/wp-json\/wp\/v2\/types\/page"}],"author":[{"embeddable":true,"href":"https:\/\/abn1.ch\/index.php\/wp-json\/wp\/v2\/users\/2"}],"replies":[{"embeddable":true,"href":"https:\/\/abn1.ch\/index.php\/wp-json\/wp\/v2\/comments?post=1215"}],"version-history":[{"count":2,"href":"https:\/\/abn1.ch\/index.php\/wp-json\/wp\/v2\/pages\/1215\/revisions"}],"predecessor-version":[{"id":1428,"href":"https:\/\/abn1.ch\/index.php\/wp-json\/wp\/v2\/pages\/1215\/revisions\/1428"}],"wp:featuredmedia":[{"embeddable":true,"href":"https:\/\/abn1.ch\/index.php\/wp-json\/wp\/v2\/media\/653"}],"wp:attachment":[{"href":"https:\/\/abn1.ch\/index.php\/wp-json\/wp\/v2\/media?parent=1215"}],"curies":[{"name":"wp","href":"https:\/\/api.w.org\/{rel}","templated":true}]}}