{"id":1466,"date":"2021-11-01T15:10:25","date_gmt":"2021-11-01T15:10:25","guid":{"rendered":"https:\/\/abn1.ch\/?page_id=1466"},"modified":"2025-10-21T08:48:12","modified_gmt":"2025-10-21T08:48:12","slug":"thomas-steiner","status":"publish","type":"page","link":"https:\/\/abn1.ch\/index.php\/thomas-steiner\/","title":{"rendered":"Thomas Steiner"},"content":{"rendered":"<section class=\"l-section wpb_row us_custom_d2199d32 height_auto\"><div class=\"l-section-h i-cf\"><div class=\"g-cols vc_row via_flex valign_top type_default stacking_default\"><div class=\"vc_col-sm-12 wpb_column vc_column_container\"><div class=\"vc_column-inner\"><div class=\"wpb_wrapper\"><div class=\"w-image align_none\"><div class=\"w-image-h\"><img decoding=\"async\" width=\"200\" height=\"250\" src=\"https:\/\/abn1.ch\/wp-content\/uploads\/2021\/11\/Thomas_Steiner.jpg\" class=\"attachment-large size-large\" alt=\"\" loading=\"lazy\" \/><\/div><\/div>[vc_custom_heading text=&#8220;Thomas Steiner&#8220; use_theme_fonts=&#8220;yes&#8220;]<\/div><\/div><\/div><\/div><\/div><\/section><section class=\"l-section wpb_row height_small with_shape\"><div class=\"l-section-shape type_wave pos_bottom\" style=\"height:10vh;color:#82b4d7\"><svg xmlns=\"http:\/\/www.w3.org\/2000\/svg\" viewBox=\"0 4 64 4\" preserveAspectRatio=\"none\" width=\"100%\" height=\"100%\">\r\n\t<path fill=\"currentColor\" d=\"M64 6 C32 0 32 12 0 6 L0 8 L64 8 Z\"\/>\r\n<\/svg><\/div><div class=\"l-section-h i-cf\"><div class=\"g-cols vc_row via_flex valign_top type_default stacking_default\"><div class=\"vc_col-sm-12 wpb_column vc_column_container\"><div class=\"vc_column-inner\"><div class=\"wpb_wrapper\"><div class=\"w-image align_none\"><a title=\"www.allianz.ch\" target=\"_blank\" rel=\"nofollow\" href=\"https:\/\/www.allianz.ch\" aria-label=\"Allianz_logo\" class=\"w-image-h\"><img decoding=\"async\" width=\"160\" height=\"90\" src=\"https:\/\/abn1.ch\/wp-content\/uploads\/2021\/11\/Allianz_logo.jpg\" class=\"attachment-full size-full\" alt=\"\" loading=\"lazy\" \/><\/a><\/div><\/div><\/div><\/div><\/div><\/div><\/section><section class=\"l-section wpb_row height_small\"><div class=\"l-section-h i-cf\"><div class=\"g-cols vc_row via_flex valign_top type_default stacking_default\"><div class=\"vc_col-sm-3 wpb_column vc_column_container\"><div class=\"vc_column-inner\"><div class=\"wpb_wrapper\">[vc_custom_heading text=&#8220;Adresse&#8220; use_theme_fonts=&#8220;yes&#8220;]<\/div><\/div><\/div><div class=\"vc_col-sm-9 wpb_column vc_column_container\"><div class=\"vc_column-inner\"><div class=\"wpb_wrapper\"><div class=\"wpb_text_column\"><div class=\"wpb_wrapper\"><p>Allianz Suisse<br \/>\nNordstrasse 1<br \/>\n5610 Wohlen<\/p>\n<\/div><\/div><\/div><\/div><\/div><\/div><\/div><\/section><section class=\"l-section wpb_row height_small\"><div class=\"l-section-h i-cf\"><div class=\"g-cols vc_row via_flex valign_top type_default stacking_default\"><div class=\"vc_col-sm-3 wpb_column vc_column_container\"><div class=\"vc_column-inner\"><div class=\"wpb_wrapper\">[vc_custom_heading text=&#8220;Kontaktdaten&#8220; use_theme_fonts=&#8220;yes&#8220;]<\/div><\/div><\/div><div class=\"vc_col-sm-9 wpb_column vc_column_container\"><div class=\"vc_column-inner\"><div class=\"wpb_wrapper\"><div class=\"wpb_text_column\"><div class=\"wpb_wrapper\"><p>+41 58 357 56 12<br \/>\n+41 79 886 64 49<\/p>\n<p><a href=\"mailto:thomas.steiner@allianz.ch\">thomas.steiner@allianz.ch<\/a><br \/>\n<a href=\"https:\/\/www.allianz.ch\">www.allianz.ch<\/a><\/p>\n<\/div><\/div><\/div><\/div><\/div><\/div><\/div><\/section><section class=\"l-section wpb_row height_small\"><div class=\"l-section-h i-cf\"><div class=\"g-cols vc_row via_flex valign_top type_default stacking_default\"><div class=\"vc_col-sm-3 wpb_column vc_column_container\"><div class=\"vc_column-inner\"><div class=\"wpb_wrapper\">[vc_custom_heading text=&#8220;Dienstleistungen&#8220; use_theme_fonts=&#8220;yes&#8220;]<\/div><\/div><\/div><div class=\"vc_col-sm-9 wpb_column vc_column_container\"><div class=\"vc_column-inner\"><div class=\"wpb_wrapper\"><div class=\"wpb_text_column\"><div class=\"wpb_wrapper\"><p>Haben Sie Fragen rund um <b>Versicherung, Vorsorge und Verm\u00f6gen<\/b>? Ich berate Sie pers\u00f6nlich.<\/p>\n<p><b>Individuelle Angebote f\u00fcr Privatkunden<\/b><br \/>\n&#8211; Rundumschutz f\u00fcr Autos, Motorr\u00e4der und Boote<br \/>\n&#8211; Sicherheit in Haus oder Wohnung<br \/>\n&#8211; Lebensversicherungen f\u00fcr die ganze Familie, speziell auch f\u00fcr Kinder<br \/>\n&#8211; Reiseversicherung und Assistance<br \/>\n&#8211; Finanzierung einer fr\u00fchzeitigen Pensionierung<br \/>\n&#8211; Clever Anlegen &#8211; Renditechancen und Sicherheit kombinieren<br \/>\n&#8211; Schutz bei Erwerbsunf\u00e4higkeit und Invalidit\u00e4t<br \/>\n&#8211; Rechtsschutzversicherung<br \/>\n&#8211; Schutz im Internet<\/p>\n<p><b>Unsere Angebote f\u00fcr Gesch\u00e4ftskunden &#8211; Individuell auf Ihre Bed\u00fcrfnisse abgestimmt<\/b><br \/>\n&#8211; Berufliche Vorsorge BVG (Vollversicherung)<br \/>\n&#8211; Krankentaggeld<br \/>\n&#8211; UVG \/ UVG-Z<br \/>\n&#8211; Berufs- und Betriebshaftpflicht<br \/>\n&#8211; Fahrhabe und Geb\u00e4ude<br \/>\n&#8211; Betriebsunterbruch<br \/>\n&#8211; Cyber Risk<br \/>\n&#8211; Rechtsschutzversicherung<br \/>\n&#8211; Motorfahrzeugflotten<br \/>\n&#8211; Transportversicherung<br \/>\n&#8211; Technische- und Bauversicherungen<\/p>\n<p>Gemeinsam finden wir passende L\u00f6sungen f\u00fcr all Ihre Bed\u00fcrfnisse.<br \/>\nWir sind <b>partnerschaftlich, transparent und zukunftsorientiert.<\/b><br \/>\nImmer f\u00fcr Sie da \u2013 <b>einfach, schnell und fair!<\/b><\/p>\n<p><b>Warum Allianz?<\/b><br \/>\n&#8211; Zuverl\u00e4ssiger Partner f\u00fcr \u00fcber 1 Million Kundinnen und Kunden<br \/>\n&#8211; Immer in Ihrer N\u00e4he \u2013 an \u00fcber 120 Standorten in der Schweiz<br \/>\n&#8211; 120 Jahre Erfahrung in allen Bereichen<br \/>\n&#8211; Top 3 bei der Kundenzufriedenheit<\/p>\n<\/div><\/div><\/div><\/div><\/div><\/div><\/div><\/section>\n","protected":false},"excerpt":{"rendered":"[vc_custom_heading text=\"Thomas Steiner\" use_theme_fonts=\"yes\"] [vc_custom_heading text=\"Adresse\" use_theme_fonts=\"yes\"]Allianz Suisse Nordstrasse 1 5610 Wohlen [vc_custom_heading text=\"Kontaktdaten\" use_theme_fonts=\"yes\"]+41 58 357 56 12 +41 79 886 64 49 thomas.steiner@allianz.ch www.allianz.ch [vc_custom_heading text=\"Dienstleistungen\" use_theme_fonts=\"yes\"]Haben Sie Fragen rund um Versicherung, Vorsorge und Verm\u00f6gen? Ich berate Sie pers\u00f6nlich. Individuelle Angebote f\u00fcr Privatkunden &#8211; Rundumschutz f\u00fcr Autos, Motorr\u00e4der und Boote &#8211; Sicherheit in...","protected":false},"author":2,"featured_media":1465,"parent":0,"menu_order":0,"comment_status":"closed","ping_status":"closed","template":"","meta":{"footnotes":""},"class_list":["post-1466","page","type-page","status-publish","has-post-thumbnail","hentry"],"_links":{"self":[{"href":"https:\/\/abn1.ch\/index.php\/wp-json\/wp\/v2\/pages\/1466","targetHints":{"allow":["GET"]}}],"collection":[{"href":"https:\/\/abn1.ch\/index.php\/wp-json\/wp\/v2\/pages"}],"about":[{"href":"https:\/\/abn1.ch\/index.php\/wp-json\/wp\/v2\/types\/page"}],"author":[{"embeddable":true,"href":"https:\/\/abn1.ch\/index.php\/wp-json\/wp\/v2\/users\/2"}],"replies":[{"embeddable":true,"href":"https:\/\/abn1.ch\/index.php\/wp-json\/wp\/v2\/comments?post=1466"}],"version-history":[{"count":3,"href":"https:\/\/abn1.ch\/index.php\/wp-json\/wp\/v2\/pages\/1466\/revisions"}],"predecessor-version":[{"id":1577,"href":"https:\/\/abn1.ch\/index.php\/wp-json\/wp\/v2\/pages\/1466\/revisions\/1577"}],"wp:featuredmedia":[{"embeddable":true,"href":"https:\/\/abn1.ch\/index.php\/wp-json\/wp\/v2\/media\/1465"}],"wp:attachment":[{"href":"https:\/\/abn1.ch\/index.php\/wp-json\/wp\/v2\/media?parent=1466"}],"curies":[{"name":"wp","href":"https:\/\/api.w.org\/{rel}","templated":true}]}}