{"id":1468,"date":"2021-11-01T15:18:10","date_gmt":"2021-11-01T15:18:10","guid":{"rendered":"https:\/\/abn1.ch\/?page_id=1468"},"modified":"2021-11-01T15:18:10","modified_gmt":"2021-11-01T15:18:10","slug":"pascal-bruder","status":"publish","type":"page","link":"https:\/\/abn1.ch\/index.php\/pascal-bruder\/","title":{"rendered":"Pascal Bruder"},"content":{"rendered":"<section class=\"l-section wpb_row us_custom_d2199d32 height_auto\"><div class=\"l-section-h i-cf\"><div class=\"g-cols vc_row via_flex valign_top type_default stacking_default\"><div class=\"vc_col-sm-12 wpb_column vc_column_container\"><div class=\"vc_column-inner\"><div class=\"wpb_wrapper\"><div class=\"w-image align_none\"><div class=\"w-image-h\"><img decoding=\"async\" width=\"200\" height=\"250\" src=\"https:\/\/abn1.ch\/wp-content\/uploads\/2021\/11\/Bruder_Pascal_b.jpg\" class=\"attachment-large size-large\" alt=\"\" loading=\"lazy\" \/><\/div><\/div>[vc_custom_heading text=&#8220;Pascal Bruder&#8220; use_theme_fonts=&#8220;yes&#8220;]<\/div><\/div><\/div><\/div><\/div><\/section><section class=\"l-section wpb_row height_small with_shape\"><div class=\"l-section-shape type_wave pos_bottom\" style=\"height:10vh;color:#82b4d7\"><svg xmlns=\"http:\/\/www.w3.org\/2000\/svg\" viewBox=\"0 4 64 4\" preserveAspectRatio=\"none\" width=\"100%\" height=\"100%\">\r\n\t<path fill=\"currentColor\" d=\"M64 6 C32 0 32 12 0 6 L0 8 L64 8 Z\"\/>\r\n<\/svg><\/div><div class=\"l-section-h i-cf\"><div class=\"g-cols vc_row via_flex valign_top type_default stacking_default\"><div class=\"vc_col-sm-12 wpb_column vc_column_container\"><div class=\"vc_column-inner\"><div class=\"wpb_wrapper\"><div class=\"w-image align_none\"><a title=\"www.elektro-hauri.ch\" target=\"_blank\" rel=\"nofollow\" href=\"https:\/\/www.elektro-hauri.ch\/\" aria-label=\"Logo-Hauri-Elektrod\" class=\"w-image-h\"><img decoding=\"async\" width=\"160\" height=\"90\" src=\"https:\/\/abn1.ch\/wp-content\/uploads\/2021\/11\/Logo-Hauri-Elektrod.png\" class=\"attachment-full size-full\" alt=\"\" loading=\"lazy\" \/><\/a><\/div><\/div><\/div><\/div><\/div><\/div><\/section><section class=\"l-section wpb_row height_small\"><div class=\"l-section-h i-cf\"><div class=\"g-cols vc_row via_flex valign_top type_default stacking_default\"><div class=\"vc_col-sm-3 wpb_column vc_column_container\"><div class=\"vc_column-inner\"><div class=\"wpb_wrapper\">[vc_custom_heading text=&#8220;Adresse&#8220; use_theme_fonts=&#8220;yes&#8220;]<\/div><\/div><\/div><div class=\"vc_col-sm-9 wpb_column vc_column_container\"><div class=\"vc_column-inner\"><div class=\"wpb_wrapper\"><div class=\"wpb_text_column\"><div class=\"wpb_wrapper\"><p>Elektro H. Hauri AG<br \/>\nPoststrasse 2<br \/>\n5707 Seengen<\/p>\n<\/div><\/div><\/div><\/div><\/div><\/div><\/div><\/section><section class=\"l-section wpb_row height_small\"><div class=\"l-section-h i-cf\"><div class=\"g-cols vc_row via_flex valign_top type_default stacking_default\"><div class=\"vc_col-sm-3 wpb_column vc_column_container\"><div class=\"vc_column-inner\"><div class=\"wpb_wrapper\">[vc_custom_heading text=&#8220;Kontaktdaten&#8220; use_theme_fonts=&#8220;yes&#8220;]<\/div><\/div><\/div><div class=\"vc_col-sm-9 wpb_column vc_column_container\"><div class=\"vc_column-inner\"><div class=\"wpb_wrapper\"><div class=\"wpb_text_column\"><div class=\"wpb_wrapper\"><p>+41 62 777 19 19<\/p>\n<p><a href=\"mailto:pascal.bruder@elektro-hauri.ch\">pascal.bruder@elektro-hauri.ch<\/a><br \/>\n<a href=\"http:\/\/www.elektro-hauri.ch\">www.elektro-hauri.ch<\/a><\/p>\n<\/div><\/div><\/div><\/div><\/div><\/div><\/div><\/section><section class=\"l-section wpb_row height_small\"><div class=\"l-section-h i-cf\"><div class=\"g-cols vc_row via_flex valign_top type_default stacking_default\"><div class=\"vc_col-sm-3 wpb_column vc_column_container\"><div class=\"vc_column-inner\"><div class=\"wpb_wrapper\">[vc_custom_heading text=&#8220;Dienstleistungen&#8220; use_theme_fonts=&#8220;yes&#8220;]<\/div><\/div><\/div><div class=\"vc_col-sm-9 wpb_column vc_column_container\"><div class=\"vc_column-inner\"><div class=\"wpb_wrapper\"><div class=\"wpb_text_column\"><div class=\"wpb_wrapper\"><div class=\"wpbdp-field-display wpbdp-field wpbdp-field-value field-display field-value wpbdp-field-geschaeftsbeschreibung wpbdp-field-content wpbdp-field-type-textarea wpbdp-field-association-content \">\n<div class=\"value\">\n<p>F\u00fcr s\u00e4mtliche\u00a0Elektroanlagen sind wir Ihr Partner in Seengen und Umgebung, wir planen und installieren von der einfachen Steckdose bis zu komplexen Installationen, alles aus erster Hand.<em>\u00a0<\/em><\/p>\n<p>Langj\u00e4hrige Erfahrung! Wir sind bereits seit 1987 im Bereich Elektroanlagen erfolgreich t\u00e4tig. Erfahrung f\u00fcr SIE!<em><br \/>\n<\/em><em><br \/>\n<\/em>Wir m\u00f6chten Ihr Partner f\u00fcr alle elektrischen Anliegen sein, und freuen uns darauf, Sie mit unserem Dienstleistungsangebot zu \u00fcberzeugen. Elektro- und Telekommunikations-installationen sind Vertrauenssache, denn neben Funktionalit\u00e4t geht es immer auch um die Sicherheit von Personen und Sachen. Unsere Dienstleistungen erbringen wir f\u00fcr den Privatbereich, f\u00fcr Industrie und Gewerbe sowie f\u00fcr \u00f6ffentliche Auftraggeber.<\/p>\n<p>Energieeffizienz wird immer wichtiger. Wer heute bauen, sanieren oder modernisieren will, muss sich \u00fcber innovative und effiziente Energiel\u00f6sungen Gedanken machen.\u00a0Wir w\u00fcrden uns freuen, wenn wir Ihnen die aktuellen \u00a0M\u00f6glichkeiten, z.B. Hausautomation, pr\u00e4sentieren k\u00f6nnten.<\/p>\n<\/div>\n<\/div>\n<\/div><\/div><\/div><\/div><\/div><\/div><\/div><\/section>\n","protected":false},"excerpt":{"rendered":"[vc_custom_heading text=\"Pascal Bruder\" use_theme_fonts=\"yes\"] [vc_custom_heading text=\"Adresse\" use_theme_fonts=\"yes\"]Elektro H. Hauri AG Poststrasse 2 5707 Seengen [vc_custom_heading text=\"Kontaktdaten\" use_theme_fonts=\"yes\"]+41 62 777 19 19 pascal.bruder@elektro-hauri.ch www.elektro-hauri.ch [vc_custom_heading text=\"Dienstleistungen\" use_theme_fonts=\"yes\"] F\u00fcr s\u00e4mtliche\u00a0Elektroanlagen sind wir Ihr Partner in Seengen und Umgebung, wir planen und installieren von der einfachen Steckdose bis zu komplexen Installationen, alles aus erster Hand.\u00a0 Langj\u00e4hrige Erfahrung! Wir...","protected":false},"author":2,"featured_media":1464,"parent":0,"menu_order":0,"comment_status":"closed","ping_status":"closed","template":"","meta":{"footnotes":""},"class_list":["post-1468","page","type-page","status-publish","has-post-thumbnail","hentry"],"_links":{"self":[{"href":"https:\/\/abn1.ch\/index.php\/wp-json\/wp\/v2\/pages\/1468","targetHints":{"allow":["GET"]}}],"collection":[{"href":"https:\/\/abn1.ch\/index.php\/wp-json\/wp\/v2\/pages"}],"about":[{"href":"https:\/\/abn1.ch\/index.php\/wp-json\/wp\/v2\/types\/page"}],"author":[{"embeddable":true,"href":"https:\/\/abn1.ch\/index.php\/wp-json\/wp\/v2\/users\/2"}],"replies":[{"embeddable":true,"href":"https:\/\/abn1.ch\/index.php\/wp-json\/wp\/v2\/comments?post=1468"}],"version-history":[{"count":1,"href":"https:\/\/abn1.ch\/index.php\/wp-json\/wp\/v2\/pages\/1468\/revisions"}],"predecessor-version":[{"id":1469,"href":"https:\/\/abn1.ch\/index.php\/wp-json\/wp\/v2\/pages\/1468\/revisions\/1469"}],"wp:featuredmedia":[{"embeddable":true,"href":"https:\/\/abn1.ch\/index.php\/wp-json\/wp\/v2\/media\/1464"}],"wp:attachment":[{"href":"https:\/\/abn1.ch\/index.php\/wp-json\/wp\/v2\/media?parent=1468"}],"curies":[{"name":"wp","href":"https:\/\/api.w.org\/{rel}","templated":true}]}}