{"id":22,"date":"2015-05-06T13:15:45","date_gmt":"2015-05-06T13:15:45","guid":{"rendered":"https:\/\/abn1.ch\/?page_id=22"},"modified":"2020-06-09T13:33:24","modified_gmt":"2020-06-09T13:33:24","slug":"netzwerk","status":"publish","type":"page","link":"https:\/\/abn1.ch\/index.php\/netzwerk\/","title":{"rendered":"Netzwerk"},"content":{"rendered":"<section class=\"l-section wpb_row height_medium\"><div class=\"l-section-h i-cf\"><div class=\"g-cols vc_row via_flex valign_top type_default stacking_default\"><div class=\"vc_col-sm-12 wpb_column vc_column_container\"><div class=\"vc_column-inner\"><div class=\"wpb_wrapper\"><h1 class=\"w-post-elm post_title us_custom_064d9100 entry-title color_link_inherit\">Netzwerk<\/h1><div class=\"wpb_text_column\"><div class=\"wpb_wrapper\"><p>Netzwerken ist so alt, wie Menschen in Kontakt treten, und ein weiterer Baustein in Ihrem strategischen Akquisitionskonzept als Unternehmer.Beziehungen aufzubauen ist genauso wichtig wie gute Arbeitsleistungen zu erbringen. Soziale Kontakte sind absolut unverzichtbar um f\u00fcr seine Produkte und Dienstleistungen Weiterempfehlungen zu erhalten.<span class=\"Apple-converted-space\">\u00a0<\/span>Empfehlen kann Sie jemand nur, wenn er Ihre Leistung kennt. Und dazu muss er Sie zun\u00e4chst kennen lernen, nicht wahr? Die Vorteile:<\/p>\n<ul>\n<li>Das Netzwerk ABN1 ist regional verankert und f\u00fcr Ihr Unternehmen von grosser Bedeutung<\/li>\n<li>Bei unseren Treffen erfahren Sie die elementaren Grundlagen eines professionellen und zielgerichteten Empfehlungsmarketings<\/li>\n<li>Sie k\u00f6nnen Empfehlungen in kurzer Zeit qualitativ und quantitativ f\u00fcr Ihr Unternehmen herbeif\u00fchren<\/li>\n<li>Sie praktizieren mit Leichtigkeit die Neukundengewinnung durch gegenseitigen Zugang zu potentiellen Interessenten und Dritte f\u00fcr Ihre Produkte und Dienstleistungen<\/li>\n<li>Sie lernen sich gegenseitig kennen und bauen vertrauensvolle Beziehungen auf<\/li>\n<li>Sie k\u00f6nnen Ihre verf\u00fcgbaren Ressourcen optimal mit anderen Unternehmern vernetzen um effizient und effektiv Empfehlungen zu generieren<\/li>\n<li>Sie steigern in Ihrem Unternehmen mit klar messbaren Resultaten Ihren Umsatz und Ertrag<\/li>\n<li>Sie erhalten Hilfestellung und professionelle Weiterbildung im Netzwerken und in der Akquise bei jedem Treffen<\/li>\n<li>Die Treffen f\u00f6rdern als Informationscenter gezielt den Know-how Aufbau jedes Einzelnen, und somit auch das interdisziplin\u00e4re Denken und Handeln<\/li>\n<li>Sie haben mit Ihrer Gesch\u00e4fts- und Berufst\u00e4tigkeit Branchenexklusivit\u00e4t in unserem Netzwerk<\/li>\n<li>Sie haben die M\u00f6glichkeit, Ihre Produkte und Dienstleistungen auf der eigenen Netzwerkplattform und bei den regelm\u00e4ssigen Treffen zu pr\u00e4sentieren<\/li>\n<li>Durch praktiziertes Anwenden des Empfehlungsmarketings steigern Sie Ihren pers\u00f6nlich Einfluss als Unternehmer um im heutigen &#8211; durch permanenten Wandel gepr\u00e4gten Gesch\u00e4ftsumfeld &#8211; zu bestehen.<\/li>\n<\/ul>\n<\/div><\/div><\/div><\/div><\/div><\/div><\/div><\/section>\n","protected":false},"excerpt":{"rendered":"NetzwerkNetzwerken ist so alt, wie Menschen in Kontakt treten, und ein weiterer Baustein in Ihrem strategischen Akquisitionskonzept als Unternehmer.Beziehungen aufzubauen ist genauso wichtig wie gute Arbeitsleistungen zu erbringen. Soziale Kontakte sind absolut unverzichtbar um f\u00fcr seine Produkte und Dienstleistungen Weiterempfehlungen zu erhalten.\u00a0Empfehlen kann Sie jemand nur, wenn er Ihre Leistung kennt. Und dazu muss er...","protected":false},"author":2,"featured_media":0,"parent":0,"menu_order":0,"comment_status":"closed","ping_status":"closed","template":"","meta":{"footnotes":""},"class_list":["post-22","page","type-page","status-publish","hentry"],"_links":{"self":[{"href":"https:\/\/abn1.ch\/index.php\/wp-json\/wp\/v2\/pages\/22","targetHints":{"allow":["GET"]}}],"collection":[{"href":"https:\/\/abn1.ch\/index.php\/wp-json\/wp\/v2\/pages"}],"about":[{"href":"https:\/\/abn1.ch\/index.php\/wp-json\/wp\/v2\/types\/page"}],"author":[{"embeddable":true,"href":"https:\/\/abn1.ch\/index.php\/wp-json\/wp\/v2\/users\/2"}],"replies":[{"embeddable":true,"href":"https:\/\/abn1.ch\/index.php\/wp-json\/wp\/v2\/comments?post=22"}],"version-history":[{"count":9,"href":"https:\/\/abn1.ch\/index.php\/wp-json\/wp\/v2\/pages\/22\/revisions"}],"predecessor-version":[{"id":1406,"href":"https:\/\/abn1.ch\/index.php\/wp-json\/wp\/v2\/pages\/22\/revisions\/1406"}],"wp:attachment":[{"href":"https:\/\/abn1.ch\/index.php\/wp-json\/wp\/v2\/media?parent=22"}],"curies":[{"name":"wp","href":"https:\/\/api.w.org\/{rel}","templated":true}]}}