{"id":30,"date":"2015-05-06T13:22:42","date_gmt":"2015-05-06T13:22:42","guid":{"rendered":"https:\/\/abn1.ch\/?page_id=30"},"modified":"2020-06-09T13:33:24","modified_gmt":"2020-06-09T13:33:24","slug":"sponsoring","status":"publish","type":"page","link":"https:\/\/abn1.ch\/index.php\/sponsoring\/","title":{"rendered":"Sponsoring"},"content":{"rendered":"<section class=\"l-section wpb_row height_medium\"><div class=\"l-section-h i-cf\"><div class=\"g-cols vc_row via_flex valign_top type_default stacking_default\"><div class=\"vc_col-sm-12 wpb_column vc_column_container\"><div class=\"vc_column-inner\"><div class=\"wpb_wrapper\"><div class=\"g-cols wpb_row via_flex valign_top type_default stacking_default\"><div class=\"vc_col-sm-12 wpb_column vc_column_container\"><div class=\"vc_column-inner\"><div class=\"wpb_wrapper\"><h1 class=\"w-post-elm post_title us_custom_064d9100 entry-title color_link_inherit\">Sponsoring<\/h1><\/div><\/div><\/div><\/div><\/div><\/div><\/div><\/div><\/div><\/section><section class=\"l-section wpb_row height_medium\"><div class=\"l-section-h i-cf\"><div class=\"g-cols vc_row via_flex valign_top type_default stacking_default\"><div class=\"vc_col-sm-12 wpb_column vc_column_container\"><div class=\"vc_column-inner\"><div class=\"wpb_wrapper\"><div class=\"g-cols wpb_row via_flex valign_top type_default stacking_default\"><div class=\"vc_col-sm-3 wpb_column vc_column_container\"><div class=\"vc_column-inner\"><div class=\"wpb_wrapper\"><div class=\"w-image align_none\"><div class=\"w-image-h\"><img decoding=\"async\" width=\"148\" height=\"122\" src=\"https:\/\/abn1.ch\/wp-content\/uploads\/2015\/08\/logo_Jugendfeuerwehr_seetal.jpg\" class=\"attachment-full size-full\" alt=\"\" loading=\"lazy\" \/><\/div><\/div><\/div><\/div><\/div><div class=\"vc_col-sm-9 wpb_column vc_column_container\"><div class=\"vc_column-inner\"><div class=\"wpb_wrapper\"><div class=\"wpb_text_column\"><div class=\"wpb_wrapper\"><p>2013 entstand die Idee, den Jugendlichen im Seetal die Feuerwehr schmackhaft zu machen. Von der Idee zur Umsetzung vergingen nur ein paar Monate. Anfang Jahr war es endlich so weit und die Jugendfeuerwehr Seetal wurde gegr\u00fcndet.<\/p>\n<p>ABN1 unterst\u00fctzt die Jugendfeuerwehr Seetal seit deren Gr\u00fcndung mit einem j\u00e4hrlichen Betrag.<\/p>\n<\/div><\/div><\/div><\/div><\/div><\/div><div class=\"w-separator size_small with_line width_default thick_1 style_solid color_border align_center\"><div class=\"w-separator-h\"><\/div><\/div><div class=\"g-cols wpb_row via_flex valign_top type_default stacking_default\"><div class=\"vc_col-sm-3 wpb_column vc_column_container\"><div class=\"vc_column-inner\"><div class=\"wpb_wrapper\"><div class=\"w-image align_none\"><div class=\"w-image-h\"><img decoding=\"async\" width=\"150\" height=\"310\" src=\"https:\/\/abn1.ch\/wp-content\/uploads\/2015\/05\/wako-logo.png\" class=\"attachment-full size-full\" alt=\"\" loading=\"lazy\" \/><\/div><\/div><\/div><\/div><\/div><div class=\"vc_col-sm-9 wpb_column vc_column_container\"><div class=\"vc_column-inner\"><div class=\"wpb_wrapper\"><div class=\"wpb_text_column\"><div class=\"wpb_wrapper\"><p>ABN1 unterst\u00fctzt den Schweizerischen Kickboxverband und damit die Jugendarbeit, die dieser Verband sehr intensiv betreibt.<\/p>\n<p>ABN 1 sieht in diesem Sponsoring einen aktiven Beitrag zur Intensivierung einer sinnvollen Jugendf\u00f6rderung, da im Kickboxen\u00a0 strenge Regeln gelten. Vor allem werden Jugendliche dazu angehaltenn, mit Aggressionen umzugehen und diese zu kontrollieren, was in der heutigen Zeit eine wichtige Komponente unseres sozialen Zusammenlebens bildet.<\/p>\n<\/div><\/div><\/div><\/div><\/div><\/div><div class=\"w-separator size_small with_line width_default thick_1 style_solid color_border align_center\"><div class=\"w-separator-h\"><\/div><\/div><div class=\"g-cols wpb_row via_flex valign_top type_default stacking_default\"><div class=\"vc_col-sm-3 wpb_column vc_column_container\"><div class=\"vc_column-inner\"><div class=\"wpb_wrapper\"><div class=\"w-image align_none\"><div class=\"w-image-h\"><img decoding=\"async\" width=\"182\" height=\"167\" src=\"https:\/\/abn1.ch\/wp-content\/uploads\/2015\/05\/fdb16613af.jpg\" class=\"attachment-large size-large\" alt=\"\" loading=\"lazy\" \/><\/div><\/div><div class=\"w-separator size_small\"><\/div><div class=\"w-image align_none\"><div class=\"w-image-h\"><img decoding=\"async\" width=\"448\" height=\"299\" src=\"https:\/\/abn1.ch\/wp-content\/uploads\/2016\/01\/Junioren-Swiss-Team_1_-2015.jpg\" class=\"attachment-full size-full\" alt=\"\" loading=\"lazy\" \/><\/div><\/div><\/div><\/div><\/div><div class=\"vc_col-sm-9 wpb_column vc_column_container\"><div class=\"vc_column-inner\"><div class=\"wpb_wrapper\"><div class=\"wpb_text_column\"><div class=\"wpb_wrapper\"><p>ABN1 unterst\u00fctz drei junge Wohler Kickboxer, die die Nomination an die Juged-Europameisterschaft in San Sebastian geschafft haben.<\/p>\n<p>Anl\u00e4sslich eines Sponsorenanlassen wurden Mitglieder vom ABN1 eingeladen. Bilder dieses Anlasses finden sich unter folgendem Link: <a href=\"http:\/\/www.budotag.ch\/fotogalerie\/freiaemter-budo-tag-2015.html#prettyPhoto\" target=\"_blank\" rel=\"noopener noreferrer\">Bildergallerie &#8222;Frei\u00e4mter Budo-Tag 2015&#8220;<\/a><\/p>\n<p>Das EM-Teilnehmerteam mit Mitgliedern des ABN1 bei der Abreise an die Jugend-Europameisterschaft in San Sebastian.<\/p>\n<\/div><\/div><\/div><\/div><\/div><\/div><div class=\"w-separator size_small with_line width_default thick_1 style_solid color_border align_center\"><div class=\"w-separator-h\"><\/div><\/div><div class=\"g-cols wpb_row via_flex valign_top type_default stacking_default\"><div class=\"vc_col-sm-3 wpb_column vc_column_container\"><div class=\"vc_column-inner\"><div class=\"wpb_wrapper\"><div class=\"w-image align_none\"><div class=\"w-image-h\"><img decoding=\"async\" width=\"500\" height=\"327\" src=\"https:\/\/abn1.ch\/wp-content\/uploads\/2015\/05\/Sponsoring-Noelia.jpg\" class=\"attachment-full size-full\" alt=\"\" loading=\"lazy\" \/><\/div><\/div><\/div><\/div><\/div><div class=\"vc_col-sm-9 wpb_column vc_column_container\"><div class=\"vc_column-inner\"><div class=\"wpb_wrapper\"><div class=\"wpb_text_column\"><div class=\"wpb_wrapper\"><p>ABN1 unterst\u00fctzt dieses Projekt mit einer einmaligen finaziellen Spende und w\u00fcnscht den Eltern und Grosseltern von Noelia weiterhin viel Energie f\u00fcr diese anspruchsvolle Unterst\u00fctzung.<\/p>\n<p>ABN1 hofft, dass Noelia ihre Lebensfreude weiterhin beh\u00e4lt und dank der finaziellen Unterst\u00fctzung weiterhin Fortschritte macht.<\/p>\n<p>Durch Klick auf das Bild besteht die M\u00f6glichkeit, direkt auf der Webseite weitere Spenden zur Behandlung von Noelia zu platzieren und sich \u00fcber das Projekt zu informieren.<\/p>\n<\/div><\/div><\/div><\/div><\/div><\/div><\/div><\/div><\/div><\/div><\/div><\/section>\n","protected":false},"excerpt":{"rendered":"Sponsoring2013 entstand die Idee, den Jugendlichen im Seetal die Feuerwehr schmackhaft zu machen. Von der Idee zur Umsetzung vergingen nur ein paar Monate. Anfang Jahr war es endlich so weit und die Jugendfeuerwehr Seetal wurde gegr\u00fcndet. ABN1 unterst\u00fctzt die Jugendfeuerwehr Seetal seit deren Gr\u00fcndung mit einem j\u00e4hrlichen Betrag. ABN1 unterst\u00fctzt den Schweizerischen Kickboxverband und damit...","protected":false},"author":2,"featured_media":0,"parent":0,"menu_order":0,"comment_status":"closed","ping_status":"closed","template":"","meta":{"footnotes":""},"class_list":["post-30","page","type-page","status-publish","hentry"],"_links":{"self":[{"href":"https:\/\/abn1.ch\/index.php\/wp-json\/wp\/v2\/pages\/30","targetHints":{"allow":["GET"]}}],"collection":[{"href":"https:\/\/abn1.ch\/index.php\/wp-json\/wp\/v2\/pages"}],"about":[{"href":"https:\/\/abn1.ch\/index.php\/wp-json\/wp\/v2\/types\/page"}],"author":[{"embeddable":true,"href":"https:\/\/abn1.ch\/index.php\/wp-json\/wp\/v2\/users\/2"}],"replies":[{"embeddable":true,"href":"https:\/\/abn1.ch\/index.php\/wp-json\/wp\/v2\/comments?post=30"}],"version-history":[{"count":35,"href":"https:\/\/abn1.ch\/index.php\/wp-json\/wp\/v2\/pages\/30\/revisions"}],"predecessor-version":[{"id":1409,"href":"https:\/\/abn1.ch\/index.php\/wp-json\/wp\/v2\/pages\/30\/revisions\/1409"}],"wp:attachment":[{"href":"https:\/\/abn1.ch\/index.php\/wp-json\/wp\/v2\/media?parent=30"}],"curies":[{"name":"wp","href":"https:\/\/api.w.org\/{rel}","templated":true}]}}