{"id":570,"date":"2015-08-17T13:11:42","date_gmt":"2015-08-17T13:11:42","guid":{"rendered":"https:\/\/abn1.ch\/?page_id=570"},"modified":"2020-06-09T13:33:24","modified_gmt":"2020-06-09T13:33:24","slug":"regeln-des-abn1","status":"publish","type":"page","link":"https:\/\/abn1.ch\/index.php\/regeln-des-abn1\/","title":{"rendered":"Regeln des ABN1"},"content":{"rendered":"<section class=\"l-section wpb_row height_medium\"><div class=\"l-section-h i-cf\"><div class=\"g-cols vc_row via_flex valign_top type_default stacking_default\"><div class=\"vc_col-sm-12 wpb_column vc_column_container\"><div class=\"vc_column-inner\"><div class=\"wpb_wrapper\"><h1 class=\"w-post-elm post_title us_custom_064d9100 entry-title color_link_inherit\">Regeln des ABN1<\/h1><div class=\"wpb_text_column\"><div class=\"wpb_wrapper\"><p>Damit ein professionelles Netzwerken im ABN1 sichergestellt werden kann, und die Zusammenarbeit aller gelingt, bedingt es untereinander gewisse Spielregeln.<\/p>\n<p>Die Mitglieder verpflichten sich:<\/p>\n<ul>\n<li>jeden Mittwoch von 07.00 \u2013 08.30 an den w\u00f6chentlich stattfinden Business-Fr\u00fchst\u00fccks, Workshop und \u201eNetzwerken\u201c teilzunehmen<\/li>\n<li>nicht den kurzfristigen, sondern den nachhaltigen Erfolg zu suchen<\/li>\n<li>zum Wohle des Ganzen durch Abgabe von Empfehlungen mitzuwirken<\/li>\n<li>die Qualit\u00e4t ihrer Produkte und Dienstleistungen im Sinne der Selbstverantwortung wahrzunehmen<\/li>\n<li>die Erweiterung des ABN durch das bringen von G\u00e4sten\/Besuchern sicherzustellen<\/li>\n<li>die Bereitschaft zu einer Funktions\u00fcbernahme (Kassier, Aktuar, Pr\u00e4sident\u2026) auszu\u00fcben<\/li>\n<li>die gesellschaftlichen Anstandsregel einzuhalten<\/li>\n<li>den statuarischen Pflichten nachzukommen<\/li>\n<\/ul>\n<\/div><\/div><\/div><\/div><\/div><\/div><\/div><\/section>\n","protected":false},"excerpt":{"rendered":"Regeln des ABN1Damit ein professionelles Netzwerken im ABN1 sichergestellt werden kann, und die Zusammenarbeit aller gelingt, bedingt es untereinander gewisse Spielregeln. Die Mitglieder verpflichten sich: jeden Mittwoch von 07.00 \u2013 08.30 an den w\u00f6chentlich stattfinden Business-Fr\u00fchst\u00fccks, Workshop und \u201eNetzwerken\u201c teilzunehmen nicht den kurzfristigen, sondern den nachhaltigen Erfolg zu suchen zum Wohle des Ganzen durch Abgabe...","protected":false},"author":2,"featured_media":0,"parent":0,"menu_order":0,"comment_status":"closed","ping_status":"closed","template":"","meta":{"footnotes":""},"class_list":["post-570","page","type-page","status-publish","hentry"],"_links":{"self":[{"href":"https:\/\/abn1.ch\/index.php\/wp-json\/wp\/v2\/pages\/570","targetHints":{"allow":["GET"]}}],"collection":[{"href":"https:\/\/abn1.ch\/index.php\/wp-json\/wp\/v2\/pages"}],"about":[{"href":"https:\/\/abn1.ch\/index.php\/wp-json\/wp\/v2\/types\/page"}],"author":[{"embeddable":true,"href":"https:\/\/abn1.ch\/index.php\/wp-json\/wp\/v2\/users\/2"}],"replies":[{"embeddable":true,"href":"https:\/\/abn1.ch\/index.php\/wp-json\/wp\/v2\/comments?post=570"}],"version-history":[{"count":5,"href":"https:\/\/abn1.ch\/index.php\/wp-json\/wp\/v2\/pages\/570\/revisions"}],"predecessor-version":[{"id":1411,"href":"https:\/\/abn1.ch\/index.php\/wp-json\/wp\/v2\/pages\/570\/revisions\/1411"}],"wp:attachment":[{"href":"https:\/\/abn1.ch\/index.php\/wp-json\/wp\/v2\/media?parent=570"}],"curies":[{"name":"wp","href":"https:\/\/api.w.org\/{rel}","templated":true}]}}