{"id":574,"date":"2015-08-17T13:16:59","date_gmt":"2015-08-17T13:16:59","guid":{"rendered":"https:\/\/abn1.ch\/?page_id=574"},"modified":"2020-06-09T13:33:24","modified_gmt":"2020-06-09T13:33:24","slug":"investition","status":"publish","type":"page","link":"https:\/\/abn1.ch\/index.php\/investition\/","title":{"rendered":"Investition"},"content":{"rendered":"<section class=\"l-section wpb_row height_medium\"><div class=\"l-section-h i-cf\"><div class=\"g-cols vc_row via_flex valign_top type_default stacking_default\"><div class=\"vc_col-sm-12 wpb_column vc_column_container\"><div class=\"vc_column-inner\"><div class=\"wpb_wrapper\"><h1 class=\"w-post-elm post_title us_custom_064d9100 entry-title color_link_inherit\">Investition<\/h1><div class=\"wpb_text_column\"><div class=\"wpb_wrapper\"><p>Die Investition in die Jahresmitgliedschaft betr\u00e4gt zur Zeit CHF: 1\u2018000.\u2014 .<\/p>\n<p>Dieser Preis beinhaltet die folgenden Leistungen :<\/p>\n<ul>\n<li>Fr\u00fchst\u00fcckskosten<\/li>\n<li>Reservebildender Anteil f\u00fcr Anl\u00e4sse\/Events\/externe Referenten<\/li>\n<li>Homepage Portrait in einheitlicher und \u00fcbersichtlicher Form<\/li>\n<li>Einf\u00fchrungsworkshop Netzwerken, inkl. Erstausstattung Visitenkartenbuch<\/li>\n<li>Bei \u00dcbernahme einer Funktion (Pr\u00e4sident, Kassier, Aktuar\u2026) erfolgt eine R\u00fcckerstattung der Spesen<\/li>\n<\/ul>\n<p>In diesem Preis sind nicht enthalten:<\/p>\n<ul>\n<li>Kosten von zus\u00e4tzlichen Weiterbildungs-Workshops<\/li>\n<li>Materialkosten (Handouts, Skripte etc.)<\/li>\n<\/ul>\n<\/div><\/div><\/div><\/div><\/div><\/div><\/div><\/section>\n","protected":false},"excerpt":{"rendered":"InvestitionDie Investition in die Jahresmitgliedschaft betr\u00e4gt zur Zeit CHF: 1\u2018000.\u2014 . Dieser Preis beinhaltet die folgenden Leistungen : Fr\u00fchst\u00fcckskosten Reservebildender Anteil f\u00fcr Anl\u00e4sse\/Events\/externe Referenten Homepage Portrait in einheitlicher und \u00fcbersichtlicher Form Einf\u00fchrungsworkshop Netzwerken, inkl. Erstausstattung Visitenkartenbuch Bei \u00dcbernahme einer Funktion (Pr\u00e4sident, Kassier, Aktuar\u2026) erfolgt eine R\u00fcckerstattung der Spesen In diesem Preis sind nicht enthalten: Kosten...","protected":false},"author":2,"featured_media":0,"parent":0,"menu_order":0,"comment_status":"closed","ping_status":"closed","template":"","meta":{"footnotes":""},"class_list":["post-574","page","type-page","status-publish","hentry"],"_links":{"self":[{"href":"https:\/\/abn1.ch\/index.php\/wp-json\/wp\/v2\/pages\/574","targetHints":{"allow":["GET"]}}],"collection":[{"href":"https:\/\/abn1.ch\/index.php\/wp-json\/wp\/v2\/pages"}],"about":[{"href":"https:\/\/abn1.ch\/index.php\/wp-json\/wp\/v2\/types\/page"}],"author":[{"embeddable":true,"href":"https:\/\/abn1.ch\/index.php\/wp-json\/wp\/v2\/users\/2"}],"replies":[{"embeddable":true,"href":"https:\/\/abn1.ch\/index.php\/wp-json\/wp\/v2\/comments?post=574"}],"version-history":[{"count":4,"href":"https:\/\/abn1.ch\/index.php\/wp-json\/wp\/v2\/pages\/574\/revisions"}],"predecessor-version":[{"id":1412,"href":"https:\/\/abn1.ch\/index.php\/wp-json\/wp\/v2\/pages\/574\/revisions\/1412"}],"wp:attachment":[{"href":"https:\/\/abn1.ch\/index.php\/wp-json\/wp\/v2\/media?parent=574"}],"curies":[{"name":"wp","href":"https:\/\/api.w.org\/{rel}","templated":true}]}}