{"id":8,"date":"2015-05-03T14:12:01","date_gmt":"2015-05-03T14:12:01","guid":{"rendered":"https:\/\/abn1.ch\/?page_id=8"},"modified":"2020-06-09T13:33:23","modified_gmt":"2020-06-09T13:33:23","slug":"startseite-2","status":"publish","type":"page","link":"https:\/\/abn1.ch\/","title":{"rendered":"Startseite"},"content":{"rendered":"<section class=\"l-section wpb_row height_medium with_shape\"><div class=\"l-section-shape type_triangle pos_bottom\" style=\"height:15vmin;\"><svg xmlns=\"http:\/\/www.w3.org\/2000\/svg\" viewBox=\"0 0 64 8\" preserveAspectRatio=\"none\" width=\"100%\" height=\"100%\">\r\n\t<path fill=\"currentColor\" d=\"M64 8 L0 8 L0 0 L32 7.9 L64 0 Z\"\/>\r\n<\/svg><\/div><div class=\"l-section-h i-cf\"><div class=\"g-cols vc_row via_flex valign_top type_default stacking_default\"><div class=\"vc_col-sm-12 wpb_column vc_column_container\"><div class=\"vc_column-inner\"><div class=\"wpb_wrapper\">\n\t\t\t<!-- START Home ABN1 REVOLUTION SLIDER 6.7.41 --><p class=\"rs-p-wp-fix\"><\/p>\n\t\t\t<rs-module-wrap id=\"rev_slider_1_1_wrapper\" data-source=\"gallery\" style=\"visibility:hidden;background:#ffffff;padding:0px;margin:0px auto;margin-top:0;margin-bottom:0;max-width:1290px;\">\n\t\t\t\t<rs-module id=\"rev_slider_1_1\" style=\"\" data-version=\"6.7.41\">\n\t\t\t\t\t<rs-slides style=\"overflow: hidden; position: absolute;\">\n\t\t\t\t\t\t<rs-slide style=\"position: absolute;\" data-key=\"rs-3\" data-title=\"Slide Startseite\" data-in=\"o:1;\" data-out=\"o:1;\">\n\t\t\t\t\t\t\t<img decoding=\"async\" src=\"\/\/abn1.ch\/wp-content\/plugins\/revslider\/sr6\/assets\/assets\/dummy.png\" alt=\"\" title=\"slider_home_2\" width=\"960\" height=\"251\" class=\"rev-slidebg tp-rs-img rs-lazyload\" data-lazyload=\"\/\/abn1.ch\/wp-content\/uploads\/2015\/08\/slider_home_21.jpg\" data-bg=\"p:center top;\" data-no-retina>\n<!---->\t\t\t\t\t<\/rs-slide>\n\t\t\t\t\t\t<rs-slide style=\"position: absolute;\" data-key=\"rs-25\" data-title=\"Slide\" data-anim=\"adpr:false;\">\n\t\t\t\t\t\t\t<img decoding=\"async\" src=\"\/\/abn1.ch\/wp-content\/plugins\/revslider\/sr6\/assets\/assets\/dummy.png\" alt=\"Slide\" title=\"Startseite\" class=\"rev-slidebg tp-rs-img rs-lazyload\" data-lazyload=\"\/\/abn1.ch\/wp-content\/plugins\/revslider\/sr6\/assets\/assets\/transparent.png\" data-no-retina>\n<!---->\t\t\t\t\t<\/rs-slide>\n\t\t\t\t\t<\/rs-slides>\n\t\t\t\t<\/rs-module>\n\t\t\t\t<script>\n\t\t\t\t\tsetREVStartSize({c: 'rev_slider_1_1',rl:[1240,1024,778,480],el:[300],gw:[1290],gh:[300],type:'standard',justify:'',layout:'fullwidth',mh:\"300px\"});if (window.RS_MODULES!==undefined && window.RS_MODULES.modules!==undefined && window.RS_MODULES.modules[\"revslider11\"]!==undefined) {window.RS_MODULES.modules[\"revslider11\"].once = false;window.revapi1 = undefined;if (window.RS_MODULES.checkMinimal!==undefined) window.RS_MODULES.checkMinimal()}\n\t\t\t\t<\/script>\n\t\t\t<\/rs-module-wrap>\n\t\t\t<!-- END REVOLUTION SLIDER -->\n<div class=\"wpb_text_column\"><div class=\"wpb_wrapper\"><h1><\/h1>\n<\/div><\/div><\/div><\/div><\/div><\/div><\/div><\/section><section class=\"l-section wpb_row height_medium\"><div class=\"l-section-h i-cf\"><div class=\"g-cols vc_row via_flex valign_top type_default stacking_default\"><div class=\"vc_col-sm-6 wpb_column vc_column_container\"><div class=\"vc_column-inner\"><div class=\"wpb_wrapper\">[vc_custom_heading text=&#8220;Vorteile durch Netzwerke&#8220; font_container=&#8220;tag:h2|text_align:left|color:%23ffffff&#8220; use_theme_fonts=&#8220;yes&#8220; css=&#8220;%7B%22default%22%3A%7B%22padding-left%22%3A%2220px%22%2C%22background-color%22%3A%22%2382b4d7%22%2C%22border-radius%22%3A%222px%22%2C%22color%22%3A%22%23ffffff%22%7D%7D&#8220;]<div class=\"g-cols wpb_row via_flex valign_top type_default stacking_default\"><div class=\"vc_col-sm-4 wpb_column vc_column_container\"><div class=\"vc_column-inner\"><div class=\"wpb_wrapper\">[vc_custom_heading text=&#8220;Effiziente Vermittlung&#8220; font_container=&#8220;tag:h3|text_align:left&#8220; use_theme_fonts=&#8220;yes&#8220;]<\/div><\/div><\/div><div class=\"vc_col-sm-4 wpb_column vc_column_container\"><div class=\"vc_column-inner\"><div class=\"wpb_wrapper\">[vc_custom_heading text=&#8220;Vorsprung durch Netzwerk&#8220; font_container=&#8220;tag:h3|text_align:left&#8220; use_theme_fonts=&#8220;yes&#8220;]<\/div><\/div><\/div><div class=\"vc_col-sm-4 wpb_column vc_column_container\"><div class=\"vc_column-inner\"><div class=\"wpb_wrapper\">[vc_custom_heading text=&#8220;Vertrauen schafft Sicherheit&#8220; font_container=&#8220;tag:h3|text_align:left&#8220; use_theme_fonts=&#8220;yes&#8220;]<\/div><\/div><\/div><\/div><div class=\"g-cols wpb_row via_flex valign_top type_default stacking_default\"><div class=\"vc_col-sm-4 wpb_column vc_column_container\"><div class=\"vc_column-inner\"><div class=\"wpb_wrapper\"><div class=\"wpb_text_column\"><div class=\"wpb_wrapper\"><p>Durch den \u201ekurzen Dienstweg\u201c k\u00f6nnen Auftr\u00e4ge effizient besprochen und vermittelt werden. Dank der guten Kenntnisse der Dienstleistungen der verschiedenen Mitglieder werden Kundenbed\u00fcrfnisse korrekt adressiert.<\/p>\n<\/div><\/div><\/div><\/div><\/div><div class=\"vc_col-sm-4 wpb_column vc_column_container\"><div class=\"vc_column-inner\"><div class=\"wpb_wrapper\"><div class=\"wpb_text_column\"><div class=\"wpb_wrapper\"><p>Netzwerke sind in der heutigen Zeit das A und O , um Produkte und Dienstleistungen schnell und effizient auf dem Markt anzubieten und zu pr\u00e4sentieren. Dank der pers\u00f6nlichen Vermittlung wird das Vertrauen zum Kunden rascher aufgebaut, was sich wiederum auf die Effizienz auswirkt..<\/p>\n<\/div><\/div><\/div><\/div><\/div><div class=\"vc_col-sm-4 wpb_column vc_column_container\"><div class=\"vc_column-inner\"><div class=\"wpb_wrapper\"><div class=\"wpb_text_column\"><div class=\"wpb_wrapper\"><p>Pers\u00f6nlich bekannte und vertraute Fachleute geben auch dem Kunden die Sicherheit, gute und vertrauensw\u00fcrdige Arbeitsleistungen zu erhalten.<\/p>\n<\/div><\/div><\/div><\/div><\/div><\/div><\/div><\/div><\/div><div class=\"vc_col-sm-6 wpb_column vc_column_container\"><div class=\"vc_column-inner\"><div class=\"wpb_wrapper\">[vc_custom_heading text=&#8220;Mitglieder im ABN1 Netzwerk&#8220; font_container=&#8220;tag:h2|text_align:left|color:%23ffffff&#8220; use_theme_fonts=&#8220;yes&#8220; css=&#8220;%7B%22default%22%3A%7B%22padding-left%22%3A%2220px%22%2C%22background-color%22%3A%22%2382b4d7%22%2C%22border-radius%22%3A%222px%22%2C%22color%22%3A%22%23ffffff%22%7D%7D&#8220;]\n\t\t\t<!-- START Sliderneu REVOLUTION SLIDER 6.7.41 --><p class=\"rs-p-wp-fix\"><\/p>\n\t\t\t<rs-module-wrap id=\"rev_slider_5_2_wrapper\" data-source=\"gallery\" style=\"visibility:hidden;background:transparent;padding:0px;margin:0px auto;margin-top:0;margin-bottom:0;\">\n\t\t\t\t<rs-module id=\"rev_slider_5_2\" style=\"\" data-version=\"6.7.41\">\n\t\t\t\t\t<rs-slides style=\"overflow: hidden; position: absolute;\">\n\t\t\t\t\t\t<rs-slide style=\"position: absolute;\" data-key=\"rs-30\" data-title=\"Slide\" data-anim=\"ms:1000;r:0;\" data-in=\"o:0;\" data-out=\"a:false;\">\n\t\t\t\t\t\t\t<img decoding=\"async\" src=\"\/\/abn1.ch\/wp-content\/plugins\/revslider\/sr6\/assets\/assets\/dummy.png\" alt=\"Slide\" title=\"Startseite\" class=\"rev-slidebg tp-rs-img rs-lazyload\" data-lazyload=\"\/\/abn1.ch\/wp-content\/plugins\/revslider\/sr6\/assets\/assets\/transparent.png\" data-parallax=\"off\" data-no-retina>\n<!--\n\t\t\t\t\t\t\t--><rs-layer\n\t\t\t\t\t\t\t\tid=\"slider-5-slide-30-layer-1\" \n\t\t\t\t\t\t\t\tdata-type=\"image\"\n\t\t\t\t\t\t\t\tdata-rsp_ch=\"on\"\n\t\t\t\t\t\t\t\tdata-text=\"w:normal;\"\n\t\t\t\t\t\t\t\tdata-dim=\"w:750px;h:321px;\"\n\t\t\t\t\t\t\t\tdata-frame_999=\"o:0;st:w;\"\n\t\t\t\t\t\t\t\tstyle=\"z-index:5;\"\n\t\t\t\t\t\t\t><img decoding=\"async\" src=\"\/\/abn1.ch\/wp-content\/plugins\/revslider\/sr6\/assets\/assets\/dummy.png\" alt=\"\" class=\"tp-rs-img rs-lazyload\" width=\"650\" height=\"278\" data-lazyload=\"\/\/abn1.ch\/wp-content\/uploads\/2019\/11\/banner_dogit-2.png\" data-no-retina> \n\t\t\t\t\t\t\t<\/rs-layer><!--\n-->\t\t\t\t\t<\/rs-slide>\n\t\t\t\t\t\t<rs-slide style=\"position: absolute;\" data-key=\"rs-31\" data-title=\"Slide\" data-anim=\"ms:1000;r:0;\" data-in=\"o:0;\" data-out=\"a:false;\">\n\t\t\t\t\t\t\t<img decoding=\"async\" src=\"\/\/abn1.ch\/wp-content\/plugins\/revslider\/sr6\/assets\/assets\/dummy.png\" alt=\"Slide\" title=\"Startseite\" class=\"rev-slidebg tp-rs-img rs-lazyload\" data-lazyload=\"\/\/abn1.ch\/wp-content\/plugins\/revslider\/sr6\/assets\/assets\/transparent.png\" data-parallax=\"off\" data-no-retina>\n<!--\n\t\t\t\t\t\t\t--><rs-layer\n\t\t\t\t\t\t\t\tid=\"slider-5-slide-31-layer-0\" \n\t\t\t\t\t\t\t\tdata-type=\"image\"\n\t\t\t\t\t\t\t\tdata-rsp_ch=\"on\"\n\t\t\t\t\t\t\t\tdata-xy=\"x:2px;y:1px;\"\n\t\t\t\t\t\t\t\tdata-text=\"w:normal;\"\n\t\t\t\t\t\t\t\tdata-dim=\"w:750px;h:321px;\"\n\t\t\t\t\t\t\t\tdata-frame_999=\"o:0;st:w;\"\n\t\t\t\t\t\t\t\tstyle=\"z-index:5;\"\n\t\t\t\t\t\t\t><img decoding=\"async\" src=\"\/\/abn1.ch\/wp-content\/plugins\/revslider\/sr6\/assets\/assets\/dummy.png\" alt=\"\" class=\"tp-rs-img rs-lazyload\" width=\"525\" height=\"225\" data-lazyload=\"\/\/abn1.ch\/wp-content\/uploads\/2015\/09\/banner_linus-koch.png\" data-no-retina> \n\t\t\t\t\t\t\t<\/rs-layer><!--\n-->\t\t\t\t\t<\/rs-slide>\n\t\t\t\t\t\t<rs-slide style=\"position: absolute;\" data-key=\"rs-32\" data-title=\"Slide\" data-anim=\"ms:1000;r:0;\" data-in=\"o:0;\" data-out=\"a:false;\">\n\t\t\t\t\t\t\t<img decoding=\"async\" src=\"\/\/abn1.ch\/wp-content\/plugins\/revslider\/sr6\/assets\/assets\/dummy.png\" alt=\"Slide\" title=\"Startseite\" class=\"rev-slidebg tp-rs-img rs-lazyload\" data-lazyload=\"\/\/abn1.ch\/wp-content\/plugins\/revslider\/sr6\/assets\/assets\/transparent.png\" data-parallax=\"off\" data-no-retina>\n<!--\n\t\t\t\t\t\t\t--><rs-layer\n\t\t\t\t\t\t\t\tid=\"slider-5-slide-32-layer-3\" \n\t\t\t\t\t\t\t\tdata-type=\"image\"\n\t\t\t\t\t\t\t\tdata-rsp_ch=\"on\"\n\t\t\t\t\t\t\t\tdata-text=\"w:normal;\"\n\t\t\t\t\t\t\t\tdata-dim=\"w:750px;h:321px;\"\n\t\t\t\t\t\t\t\tdata-frame_999=\"o:0;st:w;\"\n\t\t\t\t\t\t\t\tstyle=\"z-index:5;\"\n\t\t\t\t\t\t\t><img decoding=\"async\" src=\"\/\/abn1.ch\/wp-content\/plugins\/revslider\/sr6\/assets\/assets\/dummy.png\" alt=\"\" class=\"tp-rs-img rs-lazyload\" width=\"525\" height=\"225\" data-lazyload=\"\/\/abn1.ch\/wp-content\/uploads\/2015\/08\/banner_schmid.png\" data-no-retina> \n\t\t\t\t\t\t\t<\/rs-layer><!--\n-->\t\t\t\t\t<\/rs-slide>\n\t\t\t\t\t\t<rs-slide style=\"position: absolute;\" data-key=\"rs-33\" data-title=\"Slide\" data-anim=\"ms:1000;r:0;\" data-in=\"o:0;\" data-out=\"a:false;\">\n\t\t\t\t\t\t\t<img decoding=\"async\" src=\"\/\/abn1.ch\/wp-content\/plugins\/revslider\/sr6\/assets\/assets\/dummy.png\" alt=\"Slide\" title=\"Startseite\" class=\"rev-slidebg tp-rs-img rs-lazyload\" data-lazyload=\"\/\/abn1.ch\/wp-content\/plugins\/revslider\/sr6\/assets\/assets\/transparent.png\" data-parallax=\"off\" data-no-retina>\n<!--\n\t\t\t\t\t\t\t--><rs-layer\n\t\t\t\t\t\t\t\tid=\"slider-5-slide-33-layer-4\" \n\t\t\t\t\t\t\t\tdata-type=\"image\"\n\t\t\t\t\t\t\t\tdata-rsp_ch=\"on\"\n\t\t\t\t\t\t\t\tdata-text=\"w:normal;\"\n\t\t\t\t\t\t\t\tdata-dim=\"w:750px;h:321px;\"\n\t\t\t\t\t\t\t\tdata-frame_999=\"o:0;st:w;\"\n\t\t\t\t\t\t\t\tstyle=\"z-index:5;\"\n\t\t\t\t\t\t\t><img decoding=\"async\" src=\"\/\/abn1.ch\/wp-content\/plugins\/revslider\/sr6\/assets\/assets\/dummy.png\" alt=\"\" class=\"tp-rs-img rs-lazyload\" width=\"525\" height=\"225\" data-lazyload=\"\/\/abn1.ch\/wp-content\/uploads\/2015\/08\/banner_mueller1.png\" data-no-retina> \n\t\t\t\t\t\t\t<\/rs-layer><!--\n-->\t\t\t\t\t<\/rs-slide>\n\t\t\t\t\t\t<rs-slide style=\"position: absolute;\" data-key=\"rs-34\" data-title=\"Slide\" data-anim=\"ms:1000;r:0;\" data-in=\"o:0;\" data-out=\"a:false;\">\n\t\t\t\t\t\t\t<img decoding=\"async\" src=\"\/\/abn1.ch\/wp-content\/plugins\/revslider\/sr6\/assets\/assets\/dummy.png\" alt=\"Slide\" title=\"Startseite\" class=\"rev-slidebg tp-rs-img rs-lazyload\" data-lazyload=\"\/\/abn1.ch\/wp-content\/plugins\/revslider\/sr6\/assets\/assets\/transparent.png\" data-parallax=\"off\" data-no-retina>\n<!--\n\t\t\t\t\t\t\t--><rs-layer\n\t\t\t\t\t\t\t\tid=\"slider-5-slide-34-layer-5\" \n\t\t\t\t\t\t\t\tdata-type=\"image\"\n\t\t\t\t\t\t\t\tdata-rsp_ch=\"on\"\n\t\t\t\t\t\t\t\tdata-text=\"w:normal;\"\n\t\t\t\t\t\t\t\tdata-dim=\"w:750px;h:321px;\"\n\t\t\t\t\t\t\t\tdata-frame_999=\"o:0;st:w;\"\n\t\t\t\t\t\t\t\tstyle=\"z-index:5;\"\n\t\t\t\t\t\t\t><img decoding=\"async\" src=\"\/\/abn1.ch\/wp-content\/plugins\/revslider\/sr6\/assets\/assets\/dummy.png\" alt=\"\" class=\"tp-rs-img rs-lazyload\" width=\"525\" height=\"225\" data-lazyload=\"\/\/abn1.ch\/wp-content\/uploads\/2015\/08\/banner_bitterli.png\" data-no-retina> \n\t\t\t\t\t\t\t<\/rs-layer><!--\n-->\t\t\t\t\t<\/rs-slide>\n\t\t\t\t\t\t<rs-slide style=\"position: absolute;\" data-key=\"rs-35\" data-title=\"Slide\" data-anim=\"ms:1000;r:0;\" data-in=\"o:0;\" data-out=\"a:false;\">\n\t\t\t\t\t\t\t<img decoding=\"async\" src=\"\/\/abn1.ch\/wp-content\/plugins\/revslider\/sr6\/assets\/assets\/dummy.png\" alt=\"Slide\" title=\"Startseite\" class=\"rev-slidebg tp-rs-img rs-lazyload\" data-lazyload=\"\/\/abn1.ch\/wp-content\/plugins\/revslider\/sr6\/assets\/assets\/transparent.png\" data-parallax=\"off\" data-no-retina>\n<!--\n\t\t\t\t\t\t\t--><rs-layer\n\t\t\t\t\t\t\t\tid=\"slider-5-slide-35-layer-6\" \n\t\t\t\t\t\t\t\tdata-type=\"image\"\n\t\t\t\t\t\t\t\tdata-rsp_ch=\"on\"\n\t\t\t\t\t\t\t\tdata-text=\"w:normal;\"\n\t\t\t\t\t\t\t\tdata-dim=\"w:750px;h:321px;\"\n\t\t\t\t\t\t\t\tdata-frame_999=\"o:0;st:w;\"\n\t\t\t\t\t\t\t\tstyle=\"z-index:5;\"\n\t\t\t\t\t\t\t><img decoding=\"async\" src=\"\/\/abn1.ch\/wp-content\/plugins\/revslider\/sr6\/assets\/assets\/dummy.png\" alt=\"\" class=\"tp-rs-img rs-lazyload\" width=\"525\" height=\"225\" data-lazyload=\"\/\/abn1.ch\/wp-content\/uploads\/2015\/08\/banner_vinothek.png\" data-no-retina> \n\t\t\t\t\t\t\t<\/rs-layer><!--\n-->\t\t\t\t\t<\/rs-slide>\n\t\t\t\t\t\t<rs-slide style=\"position: absolute;\" data-key=\"rs-36\" data-title=\"Slide\" data-anim=\"ms:1000;r:0;\" data-in=\"o:0;\" data-out=\"a:false;\">\n\t\t\t\t\t\t\t<img decoding=\"async\" src=\"\/\/abn1.ch\/wp-content\/plugins\/revslider\/sr6\/assets\/assets\/dummy.png\" alt=\"Slide\" title=\"Startseite\" class=\"rev-slidebg tp-rs-img rs-lazyload\" data-lazyload=\"\/\/abn1.ch\/wp-content\/plugins\/revslider\/sr6\/assets\/assets\/transparent.png\" data-parallax=\"off\" data-no-retina>\n<!--\n\t\t\t\t\t\t\t--><rs-layer\n\t\t\t\t\t\t\t\tid=\"slider-5-slide-36-layer-7\" \n\t\t\t\t\t\t\t\tdata-type=\"image\"\n\t\t\t\t\t\t\t\tdata-rsp_ch=\"on\"\n\t\t\t\t\t\t\t\tdata-text=\"w:normal;\"\n\t\t\t\t\t\t\t\tdata-dim=\"w:750px;h:321px;\"\n\t\t\t\t\t\t\t\tdata-frame_999=\"o:0;st:w;\"\n\t\t\t\t\t\t\t\tstyle=\"z-index:5;\"\n\t\t\t\t\t\t\t><img decoding=\"async\" src=\"\/\/abn1.ch\/wp-content\/plugins\/revslider\/sr6\/assets\/assets\/dummy.png\" alt=\"\" class=\"tp-rs-img rs-lazyload\" width=\"525\" height=\"225\" data-lazyload=\"\/\/abn1.ch\/wp-content\/uploads\/2015\/08\/banner_est-service.png\" data-no-retina> \n\t\t\t\t\t\t\t<\/rs-layer><!--\n-->\t\t\t\t\t<\/rs-slide>\n\t\t\t\t\t<\/rs-slides>\n\t\t\t\t<\/rs-module>\n\t\t\t\t<script>\n\t\t\t\t\tsetREVStartSize({c: 'rev_slider_5_2',rl:[1240,1024,778,480],el:[321],gw:[750],gh:[321],type:'standard',justify:'',layout:'fullwidth',mh:\"0\"});if (window.RS_MODULES!==undefined && window.RS_MODULES.modules!==undefined && window.RS_MODULES.modules[\"revslider52\"]!==undefined) {window.RS_MODULES.modules[\"revslider52\"].once = false;window.revapi5 = undefined;if (window.RS_MODULES.checkMinimal!==undefined) window.RS_MODULES.checkMinimal()}\n\t\t\t\t<\/script>\n\t\t\t<\/rs-module-wrap>\n\t\t\t<!-- END REVOLUTION SLIDER -->\n<\/div><\/div><\/div><\/div><\/div><\/section><section class=\"l-section wpb_row height_medium\"><div class=\"l-section-h i-cf\"><div class=\"g-cols vc_row via_flex valign_top type_default stacking_default\"><div class=\"vc_col-sm-12 wpb_column vc_column_container\"><div class=\"vc_column-inner\"><div class=\"wpb_wrapper\">[vc_custom_heading text=&#8220;Erfolgsfaktoren des Aargauer Business Netzwerks an der A1&#8243; font_container=&#8220;tag:h2|text_align:left|color:%23ffffff&#8220; use_theme_fonts=&#8220;yes&#8220; css=&#8220;%7B%22default%22%3A%7B%22padding-left%22%3A%2220px%22%2C%22background-color%22%3A%22%2382b4d7%22%2C%22border-radius%22%3A%222px%22%2C%22color%22%3A%22%23ffffff%22%7D%7D&#8220;]<\/div><\/div><\/div><\/div><\/div><\/section><section class=\"l-section wpb_row height_medium\"><div class=\"l-section-h i-cf\"><div class=\"g-cols vc_row via_flex valign_top type_default stacking_default\"><div class=\"vc_col-sm-4 wpb_column vc_column_container\"><div class=\"vc_column-inner\"><div class=\"wpb_wrapper\"><div class=\"w-image align_none\"><div class=\"w-image-h\"><img decoding=\"async\" width=\"566\" height=\"566\" src=\"https:\/\/abn1.ch\/wp-content\/uploads\/2019\/07\/IMG_20190626_084317-1-e1573289472113.jpg\" class=\"attachment-full size-full\" alt=\"\" loading=\"lazy\" srcset=\"https:\/\/abn1.ch\/wp-content\/uploads\/2019\/07\/IMG_20190626_084317-1-e1573289472113.jpg 566w, https:\/\/abn1.ch\/wp-content\/uploads\/2019\/07\/IMG_20190626_084317-1-e1573289472113-150x150.jpg 150w, https:\/\/abn1.ch\/wp-content\/uploads\/2019\/07\/IMG_20190626_084317-1-e1573289472113-350x350.jpg 350w\" sizes=\"auto, (max-width: 566px) 100vw, 566px\" \/><\/div><\/div>[vc_custom_heading text=&#8220;Gemeinsame gesellschaftliche Anl\u00e4sse&#8220; font_container=&#8220;tag:h3|text_align:left&#8220; use_theme_fonts=&#8220;yes&#8220;]<div class=\"wpb_text_column\"><div class=\"wpb_wrapper\"><p>Verschiedene Anl\u00e4sse w\u00e4hrend dem Jahr verbinden die Mitglieder und deren Partner untereinander. So kann das gegenseitige Vertrauen gest\u00e4rkt werden und die Vernetzung beschr\u00e4nkt sich nicht nur auf die fachlichen Beziehungen.<\/p>\n<\/div><\/div><\/div><\/div><\/div><div class=\"vc_col-sm-4 wpb_column vc_column_container\"><div class=\"vc_column-inner\"><div class=\"wpb_wrapper\"><div class=\"w-image align_none\"><div class=\"w-image-h\"><img decoding=\"async\" width=\"566\" height=\"566\" src=\"https:\/\/abn1.ch\/wp-content\/uploads\/2015\/08\/Fotolia_88683274_S-e1573289233819.jpg\" class=\"attachment-full size-full\" alt=\"\" loading=\"lazy\" srcset=\"https:\/\/abn1.ch\/wp-content\/uploads\/2015\/08\/Fotolia_88683274_S-e1573289233819.jpg 566w, https:\/\/abn1.ch\/wp-content\/uploads\/2015\/08\/Fotolia_88683274_S-e1573289233819-150x150.jpg 150w, https:\/\/abn1.ch\/wp-content\/uploads\/2015\/08\/Fotolia_88683274_S-e1573289233819-350x350.jpg 350w\" sizes=\"auto, (max-width: 566px) 100vw, 566px\" \/><\/div><\/div>[vc_custom_heading text=&#8220;Erfahrungsaustausch durch Kurzpr\u00e4sentationen&#8220; font_container=&#8220;tag:h3|text_align:left&#8220; use_theme_fonts=&#8220;yes&#8220;]<div class=\"wpb_text_column\"><div class=\"wpb_wrapper\"><p>Nur gut informierte und mit aktuellen Trends vertraute Personen k\u00f6nnen qualitativ gute Empfehlungen f\u00fcr die Vermittlung von Fachleute abgeben. Deshalb werden alle Mitglieder des Netzwerkes in regelm\u00e4ssigen Abst\u00e4nden (1-2 mal pro Monat) mittels einer Kurzpr\u00e4sentation \u00fcber die neuesten Entwicklungen des jeweiligen Fachbereiches informiert.<\/p>\n<\/div><\/div><\/div><\/div><\/div><div class=\"vc_col-sm-4 wpb_column vc_column_container\"><div class=\"vc_column-inner\"><div class=\"wpb_wrapper\"><div class=\"w-image align_none\"><div class=\"w-image-h\"><img decoding=\"async\" width=\"566\" height=\"566\" src=\"https:\/\/abn1.ch\/wp-content\/uploads\/2015\/08\/Fotolia_10177191_S-e1573289337990.jpg\" class=\"attachment-full size-full\" alt=\"\" loading=\"lazy\" srcset=\"https:\/\/abn1.ch\/wp-content\/uploads\/2015\/08\/Fotolia_10177191_S-e1573289337990.jpg 566w, https:\/\/abn1.ch\/wp-content\/uploads\/2015\/08\/Fotolia_10177191_S-e1573289337990-150x150.jpg 150w, https:\/\/abn1.ch\/wp-content\/uploads\/2015\/08\/Fotolia_10177191_S-e1573289337990-350x350.jpg 350w\" sizes=\"auto, (max-width: 566px) 100vw, 566px\" \/><\/div><\/div>[vc_custom_heading text=&#8220;W\u00f6chentliches gemeinsames Fr\u00fchst\u00fcck&#8220; font_container=&#8220;tag:h3|text_align:left&#8220; use_theme_fonts=&#8220;yes&#8220;]<div class=\"wpb_text_column\"><div class=\"wpb_wrapper\"><p>W\u00f6chentlich gemeinsames Fr\u00fchst\u00fcck im Horner Hendschiken mit regem Informationsaustausch Treffpunkt jedenMittwoch 07:00 bis 08:30 Restaurant Marco Polo, B\u00fcnzstrasse 1 in 5610 Wohlen<\/p>\n<\/div><\/div><\/div><\/div><\/div><\/div><\/div><\/section>\n","protected":false},"excerpt":{"rendered":"[vc_custom_heading text=\"Vorteile durch Netzwerke\" font_container=\"tag:h2|text_align:left|color:%23ffffff\" use_theme_fonts=\"yes\" css=\"%7B%22default%22%3A%7B%22padding-left%22%3A%2220px%22%2C%22background-color%22%3A%22%2382b4d7%22%2C%22border-radius%22%3A%222px%22%2C%22color%22%3A%22%23ffffff%22%7D%7D\"][vc_custom_heading text=\"Effiziente Vermittlung\" font_container=\"tag:h3|text_align:left\" use_theme_fonts=\"yes\"][vc_custom_heading text=\"Vorsprung durch Netzwerk\" font_container=\"tag:h3|text_align:left\" use_theme_fonts=\"yes\"][vc_custom_heading text=\"Vertrauen schafft Sicherheit\" font_container=\"tag:h3|text_align:left\" use_theme_fonts=\"yes\"]Durch den \u201ekurzen Dienstweg\u201c k\u00f6nnen Auftr\u00e4ge effizient besprochen und vermittelt werden. Dank der guten Kenntnisse der Dienstleistungen der verschiedenen Mitglieder werden Kundenbed\u00fcrfnisse korrekt adressiert. Netzwerke sind in der heutigen Zeit das A und O ,...","protected":false},"author":2,"featured_media":0,"parent":0,"menu_order":0,"comment_status":"closed","ping_status":"closed","template":"","meta":{"footnotes":""},"class_list":["post-8","page","type-page","status-publish","hentry"],"_links":{"self":[{"href":"https:\/\/abn1.ch\/index.php\/wp-json\/wp\/v2\/pages\/8","targetHints":{"allow":["GET"]}}],"collection":[{"href":"https:\/\/abn1.ch\/index.php\/wp-json\/wp\/v2\/pages"}],"about":[{"href":"https:\/\/abn1.ch\/index.php\/wp-json\/wp\/v2\/types\/page"}],"author":[{"embeddable":true,"href":"https:\/\/abn1.ch\/index.php\/wp-json\/wp\/v2\/users\/2"}],"replies":[{"embeddable":true,"href":"https:\/\/abn1.ch\/index.php\/wp-json\/wp\/v2\/comments?post=8"}],"version-history":[{"count":25,"href":"https:\/\/abn1.ch\/index.php\/wp-json\/wp\/v2\/pages\/8\/revisions"}],"predecessor-version":[{"id":1405,"href":"https:\/\/abn1.ch\/index.php\/wp-json\/wp\/v2\/pages\/8\/revisions\/1405"}],"wp:attachment":[{"href":"https:\/\/abn1.ch\/index.php\/wp-json\/wp\/v2\/media?parent=8"}],"curies":[{"name":"wp","href":"https:\/\/api.w.org\/{rel}","templated":true}]}}